{"id":1159,"date":"2024-09-26T15:34:54","date_gmt":"2024-09-26T15:34:54","guid":{"rendered":"https:\/\/dev-dechra-derma.pantheonsite.io\/?page_id=1159"},"modified":"2025-07-23T15:35:16","modified_gmt":"2025-07-23T15:35:16","slug":"references","status":"publish","type":"page","link":"https:\/\/dechraderm.ca\/fr\/references\/","title":{"rendered":"R\u00e9f\u00e9rences"},"content":{"rendered":"<div data-elementor-type=\"wp-page\" data-elementor-id=\"1159\" class=\"elementor elementor-1159\" data-elementor-post-type=\"page\">\n\t\t\t\t<div class=\"elementor-element elementor-element-1bf6fbe e-con-full e-flex e-con e-parent\" data-id=\"1bf6fbe\" data-element_type=\"container\">\n\t\t\t\t<div class=\"elementor-element elementor-element-c15d309 elementor-widget-divider--view-line elementor-widget elementor-widget-divider\" data-id=\"c15d309\" data-element_type=\"widget\" data-widget_type=\"divider.default\">\n\t\t\t\t<div class=\"elementor-widget-container\">\n\t\t\t\t\t<div class=\"elementor-divider\">\n\t\t\t<span class=\"elementor-divider-separator\">\n\t\t\t\t\t\t<\/span>\n\t\t<\/div>\n\t\t\t\t<\/div>\n\t\t\t\t<\/div>\n\t\t\t\t<\/div>\n\t\t<div class=\"elementor-element elementor-element-5538ab8e e-flex e-con-boxed e-con e-parent\" data-id=\"5538ab8e\" data-element_type=\"container\">\n\t\t\t\t\t<div class=\"e-con-inner\">\n\t\t\t\t<div class=\"elementor-element elementor-element-6b389c46 elementor-widget elementor-widget-heading\" data-id=\"6b389c46\" data-element_type=\"widget\" data-widget_type=\"heading.default\">\n\t\t\t\t<div class=\"elementor-widget-container\">\n\t\t\t<h2 class=\"elementor-heading-title elementor-size-default\">R\u00e9f\u00e9rences<\/h2>\t\t<\/div>\n\t\t\t\t<\/div>\n\t\t\t\t<div class=\"elementor-element elementor-element-50de3ec elementor-widget__width-initial elementor-widget elementor-widget-text-editor\" data-id=\"50de3ec\" data-element_type=\"widget\" data-widget_type=\"text-editor.default\">\n\t\t\t\t<div class=\"elementor-widget-container\">\n\t\t\t\t\t\t\t<ol><li>Bensignor, E., Pin, D. et Bourdeau, P. \u00c9valuation d\u2019un protocole alternant shampooing et mousse dans les dermatites allergiques canines : essai multicentrique randomis\u00e9, contr\u00f4l\u00e9 en simple insu\/ <em>Prat Med Chir Anim Comp<\/em>. 2013;48:49-55.<\/li><li>Borio, S., Colombo, S., La Rosa, G., et al. Efficacit\u00e9 d'un protocole combin\u00e9 (shampooing et solution de digluconate de chlorhexidine \u00e0 4 %) dans la pyodermite superficielle canine MRS et non MRS : \u00e9tude randomis\u00e9e, en aveugle, contr\u00f4l\u00e9e par antibiotiques. <em>Vet Dermatol<\/em>. 2015;26(5):339 \u00e0 344, e72. doi:10.1111\/vde.12233<\/li><li>Buckley, LM., McEwan, NA. et Nuttall, T. Le Tris-EDTA am\u00e9liore significativement l'efficacit\u00e9 des antibiotiques contre le <em>Pseudomonas aeruginosa<\/em> in vitro. <em>Vet Dermatol<\/em>. 2013;24(5):519-e122. doi:10.1111\/vde.12071<\/li><li>\u00c9quipe de services v\u00e9t\u00e9rinaires Dechra. \u00catre proactif: une approche multimodale pour r\u00e9ussir. <em>Vet Dermatol<\/em>. 2020:1-10. https:\/\/www.isvma.org\/wp-content\/uploads\/2020\/10\/VeterinaryDermatologyBeingPositiveAMulitmodalApproachforSuccess.pdf<\/li><li>Finnegan, S. et Percival, SL. EDTA : un agent antimicrobien et antibiofilm \u00e0 utiliser dans le soin des plaies. <em>Adv Wound Care (New Rochelle)<\/em>. 2015;4(7):415 \u00e0 421. doi:10.1089\/wound.2014.0577<\/li><li>Harper, WE. et Epis, JA. Effet de la chlorhexidine\/EDTA\/Tris contre les isolats bact\u00e9riens provenant d'\u00e9chantillons cliniques. <em>Microbios<\/em>. 1987;51(207):107-112.<\/li><li>Hillier, A., Lloyd, DH., Weese, JS., et al. Lignes directrices pour le diagnostic et la th\u00e9rapie antimicrobienne de la folliculite bact\u00e9rienne superficielle canine (Groupe de travail sur les lignes directrices antimicrobiennes de la Soci\u00e9t\u00e9 internationale pour les maladies infectieuses des animaux de compagnie). <em>Vet Dermatol<\/em>. 2014;25(3):163-e43. doi:10.1111\/vde.12118<\/li><li>Inman, AO., Olivry, T., Dunston, SM. et al. Observations au microscope \u00e9lectronique des lipides intercellulaires de la couche corn\u00e9e chez les chiens normaux et atopiques. <em>Vet Pathol<\/em>. 2001;38(6):720 \u00e0 723. doi:10.1354\/vp.38-6-720<\/li><li>Marsella, R., Olivry, T., Carlotti, DN. et le Groupe de travail international sur la dermatite atopique canine. Preuves actuelles du dysfonctionnement de la barri\u00e8re cutan\u00e9e dans la dermatite atopique humaine et canine. <em>Vet Dermatol<\/em>. 2011;22(3):239 \u00e0 248. doi:10.1111\/j.1365-3164.2011.00967.x<\/li><li>Mason, CL., Steen, SI., Paterson, S. et al. \u00c9tude visant \u00e0 \u00e9valuer l'activit\u00e9 antimicrobienne in vitro de neuf nettoyants auriculaires contre 50 isolats de <em>Malassezia pachydermatis<\/em> isolates. <em>Vet Dermatol<\/em>. 2013;24(3):362 \u00e0 366, e80-1. doi:10.1111\/vde.12024<\/li><li>Mesman, ML., Kirby, AL., Rosenkrantz, WS. et al. Activit\u00e9 antibact\u00e9rienne r\u00e9siduelle des poils canins trait\u00e9s avec des sprays antimicrobiens topiques contre le <em>Staphylococcus pseudintermedius<\/em> in vitro. <em>Vet Dermatol<\/em>. 2016;27(4):261-e61. doi:10.1111\/vde.12318<\/li><li>Miller, J., Simpson, A., Bloom, P. et al. Lignes directrices de l'AAHA sur la prise en charge des maladies allergiques de la peau chez les chiens et les chats. <i>JAAHA<\/i>. 2023;59(6):255-284. doi:10.5326\/JAAHA-MS-7396<\/li><li>Moriello, KA., Coyner, K., Paterson, S. et al. Diagnostic et traitement de la dermatophytose chez les chiens et les chats. <em>Vet Dermatol<\/em>. 2017;28(3):266-e68. doi:10.1111\/vde.12440<\/li><li>Noli, C., Valle, MFD., Miolo, A. et al. Efficacit\u00e9 du palmitoyl\u00e9thanolamide ultramicronis\u00e9 dans la dermatite atopique canine : \u00e9tude multicentrique ouverte. <em>Vet Dermatol<\/em>. 2015;26(6):432 \u00e0 440, e101. doi:10.1111\/vde.12250<\/li><li>Olivry, T. et Banovic, F. Traitement de la dermatite atopique canine : est-il temps de revoir notre strat\u00e9gie? <em>Vet Dermatol<\/em>. 2019;30(2):87 \u00e0 90. doi:10.1111\/vde.12740<\/li><li>Piekutowska, A., Pin, D., R\u00e8me, CA. et al. Effets d'une pr\u00e9paration de lipides \u00e9pidermiques appliqu\u00e9e par voie topique sur la barri\u00e8re du stratum corneum de chiens atopiques. <em>J Comp Pathol<\/em>. 2008;138(4):197 \u00e0 203. doi:10.1016\/j.jcpa.2008.01.006<\/li><li>Pye C. Otite externe \u00e0 <em>Pseudomonas<\/em> chez le chien <em>Can Vet J<\/em>. 2018;59(11):1231-1234.<\/li><li>Reiter, LV., Torres, SMF. et Wertz, PW. Caract\u00e9risation et quantification des c\u00e9ramides dans la peau non l\u00e9sionnelle de patients canins atteints de dermatite atopique compar\u00e9s \u00e0 des t\u00e9moins. <em>Vet Dermatol<\/em>. 2009;20(4):260 \u00e0 266. doi:10.1111\/j.1365-3164.2009.00759.x<\/li><li>Rosenkrantz, W. Applications pratiques de la th\u00e9rapie topique pour les troubles allergiques, infectieux et s\u00e9borrh\u00e9iques. <em>Clin Tech Small Anim Pract<\/em>. 2006;21(3):106 \u00e0 116. doi:10.1053\/j.ctsap.2006.05.003<\/li><li>Sauv\u00e9, F. Otite, otose, otorrh\u00e9e, otalgie... quelle action prendre? Dechra Academy.<\/li><li>Scott, DW., Miller, WH. et Griffen, CE. <em>Dermatologie des petits animaux Muller et Kirk.<\/em>. 6e \u00e9d. Saunders; 2001.<\/li><li>Swinney, A., Fazakerley, J., McEwan, N. et al. Efficacit\u00e9 antimicrobienne comparative in vitro de nettoyants auriculaires commerciaux. <em>Vet Dermatol<\/em>. 2008;19(6):373 \u00e0 379. doi:10.1111\/j.1365-3164.2008.00713.x<\/li><li>Fujimura, M., Nakatsuji, Y., Fujiwara, S. et al. Complexe lipidique cutan\u00e9 en compl\u00e9ment de la th\u00e9rapie chez les chiens atteints de dermatite atopique: une \u00e9tude pilote ouverte. <em>Vet Med Int<\/em>. 2011;2011:281846. doi:10.4061\/2011\/281846<\/li><li>Forster S, Boegel A, Despa S, Trout C, King S. Efficacit\u00e9 comparative et s\u00e9curit\u00e9 de l\u2019ilunocitinib et de l\u2019oclacitinib pour le contr\u00f4le du prurit et des l\u00e9sions cutan\u00e9es associ\u00e9es chez les chiens atteints de dermatite atopique.\nVet Dermatol. 2025 avril;36(2):165-176. doi: 10.1111\/vde.13319.<\/li><li><span class=\"author\">Loeffler\u00a0A<\/span>,\u00a0<span class=\"author\">Cain\u00a0CL<\/span>,\u00a0<span class=\"author\">Ferrer\u00a0L<\/span>,\u00a0<span class=\"author\">Nishifuji\u00a0K<\/span>,\u00a0<span class=\"author\">Varjonen\u00a0K<\/span>,\u00a0<span class=\"author\">Papich\u00a0MG<\/span>, et al.\u00a0<span class=\"articleTitle\">Lignes directrices pour l\u2019utilisation des antimicrobiens dans la pyodermite canine par la Soci\u00e9t\u00e9 internationale des maladies infectieuses des animaux de compagnie (ISCAID).<\/span>.\u00a0<i>Vet Dermatol<\/i>.\u00a0<span class=\"pubYear\">2025<\/span>;\u00a0<span class=\"vol\">36<\/span>:\u00a0<span class=\"pageFirst\">234-<\/span>2<span class=\"pageLast\">82<\/span>.\u00a0<a class=\"linkBehavior\" href=\"https:\/\/doi.org\/10.1111\/vde.13342\">https:\/\/doi.org\/10.1111\/vde.13342<\/a><\/li><li><span class=\"author\">Pieper\u00a0JB<\/span>,\u00a0<span class=\"author\">VanDusseldorp\u00a0P<\/span>,\u00a0<span class=\"author\">Kreuder\u00a0AJ<\/span>,\u00a0<span class=\"author\">Berger\u00a0DJ<\/span>.\u00a0<span class=\"articleTitle\">L\u2019utilisation d\u2019\u00e9couvillons de culture bact\u00e9riologique humidifi\u00e9s avec une solution saline augmente la r\u00e9cup\u00e9ration bact\u00e9rienne chez les chiens atteints de folliculite bact\u00e9rienne superficielle.<\/span>.\u00a0<i>Vet Dermatol<\/i>.\u00a0<span class=\"pubYear\">2025<\/span>;\u00a0<span class=\"vol\">00<\/span>:\u00a0<span class=\"pageFirst\">1<\/span>\u2013<span class=\"pageLast\">7<\/span>.\u00a0<a class=\"linkBehavior\" href=\"https:\/\/doi.org\/10.1111\/vde.13355\">https:\/\/doi.org\/10.1111\/vde.13355<\/a><\/li><\/ol>\t\t\t\t\t\t<\/div>\n\t\t\t\t<\/div>\n\t\t\t\t\t<\/div>\n\t\t\t\t<\/div>\n\t\t<div class=\"elementor-element elementor-element-5ba3f59 e-flex e-con-boxed e-con e-parent\" data-id=\"5ba3f59\" data-element_type=\"container\">\n\t\t\t\t\t<div class=\"e-con-inner\">\n\t\t\t\t<div class=\"elementor-element elementor-element-6265ea1 elementor-widget elementor-widget-spacer\" data-id=\"6265ea1\" data-element_type=\"widget\" data-widget_type=\"spacer.default\">\n\t\t\t\t<div class=\"elementor-widget-container\">\n\t\t\t\t\t<div class=\"elementor-spacer\">\n\t\t\t<div class=\"elementor-spacer-inner\"><\/div>\n\t\t<\/div>\n\t\t\t\t<\/div>\n\t\t\t\t<\/div>\n\t\t\t\t\t<\/div>\n\t\t\t\t<\/div>\n\t\t\t\t<\/div>","protected":false},"excerpt":{"rendered":"<p>References Bensignor E, Pin D, Bourdeau P. A multicentric randomised controlled single blinded study to evaluate the value of a new protocol with a shampoo and a foam to treat canine allergic dermatitis. Prat Med Chir Anim Comp. 2013;48:49-55. Borio S, Colombo S, La Rosa G, et al. Effectiveness of a combined (4% chlorhexidine digluconate [&hellip;]<\/p>","protected":false},"author":1,"featured_media":0,"parent":0,"menu_order":0,"comment_status":"closed","ping_status":"closed","template":"elementor_canvas","meta":{"footnotes":""},"class_list":["post-1159","page","type-page","status-publish","hentry"],"_links":{"self":[{"href":"https:\/\/dechraderm.ca\/fr\/wp-json\/wp\/v2\/pages\/1159","targetHints":{"allow":["GET"]}}],"collection":[{"href":"https:\/\/dechraderm.ca\/fr\/wp-json\/wp\/v2\/pages"}],"about":[{"href":"https:\/\/dechraderm.ca\/fr\/wp-json\/wp\/v2\/types\/page"}],"author":[{"embeddable":true,"href":"https:\/\/dechraderm.ca\/fr\/wp-json\/wp\/v2\/users\/1"}],"replies":[{"embeddable":true,"href":"https:\/\/dechraderm.ca\/fr\/wp-json\/wp\/v2\/comments?post=1159"}],"version-history":[{"count":40,"href":"https:\/\/dechraderm.ca\/fr\/wp-json\/wp\/v2\/pages\/1159\/revisions"}],"predecessor-version":[{"id":9985,"href":"https:\/\/dechraderm.ca\/fr\/wp-json\/wp\/v2\/pages\/1159\/revisions\/9985"}],"wp:attachment":[{"href":"https:\/\/dechraderm.ca\/fr\/wp-json\/wp\/v2\/media?parent=1159"}],"curies":[{"name":"wp","href":"https:\/\/api.w.org\/{rel}","templated":true}]}}