{"id":1233,"date":"2024-09-26T18:51:17","date_gmt":"2024-09-26T18:51:17","guid":{"rendered":"https:\/\/dev-dechra-derma.pantheonsite.io\/?page_id=1233"},"modified":"2025-08-21T17:06:28","modified_gmt":"2025-08-21T17:06:28","slug":"systemic-antibiotic-therapy","status":"publish","type":"page","link":"https:\/\/dechraderm.ca\/fr\/cats\/skin-lesions\/cytology\/systemic-antibiotic-therapy\/","title":{"rendered":"Antibioth\u00e9rapie syst\u00e9mique"},"content":{"rendered":"<div data-elementor-type=\"wp-page\" data-elementor-id=\"1233\" class=\"elementor elementor-1233\" data-elementor-post-type=\"page\">\n\t\t\t\t<div class=\"elementor-element elementor-element-58b17e4 e-con-full e-flex e-con e-parent\" data-id=\"58b17e4\" data-element_type=\"container\">\n\t\t\t\t<div class=\"elementor-element elementor-element-66d352c e-transform elementor-widget-divider--view-line elementor-widget elementor-widget-divider\" data-id=\"66d352c\" data-element_type=\"widget\" data-settings=\"{&quot;_transform_scaleX_effect&quot;:{&quot;unit&quot;:&quot;px&quot;,&quot;size&quot;:1.2,&quot;sizes&quot;:[]},&quot;_transform_scaleX_effect_widescreen&quot;:{&quot;unit&quot;:&quot;px&quot;,&quot;size&quot;:&quot;&quot;,&quot;sizes&quot;:[]},&quot;_transform_scaleX_effect_laptop&quot;:{&quot;unit&quot;:&quot;px&quot;,&quot;size&quot;:&quot;&quot;,&quot;sizes&quot;:[]},&quot;_transform_scaleX_effect_tablet&quot;:{&quot;unit&quot;:&quot;px&quot;,&quot;size&quot;:&quot;&quot;,&quot;sizes&quot;:[]},&quot;_transform_scaleX_effect_mobile&quot;:{&quot;unit&quot;:&quot;px&quot;,&quot;size&quot;:&quot;&quot;,&quot;sizes&quot;:[]},&quot;_transform_scaleY_effect&quot;:{&quot;unit&quot;:&quot;px&quot;,&quot;size&quot;:&quot;&quot;,&quot;sizes&quot;:[]},&quot;_transform_scaleY_effect_widescreen&quot;:{&quot;unit&quot;:&quot;px&quot;,&quot;size&quot;:&quot;&quot;,&quot;sizes&quot;:[]},&quot;_transform_scaleY_effect_laptop&quot;:{&quot;unit&quot;:&quot;px&quot;,&quot;size&quot;:&quot;&quot;,&quot;sizes&quot;:[]},&quot;_transform_scaleY_effect_tablet&quot;:{&quot;unit&quot;:&quot;px&quot;,&quot;size&quot;:&quot;&quot;,&quot;sizes&quot;:[]},&quot;_transform_scaleY_effect_mobile&quot;:{&quot;unit&quot;:&quot;px&quot;,&quot;size&quot;:&quot;&quot;,&quot;sizes&quot;:[]}}\" data-widget_type=\"divider.default\">\n\t\t\t\t<div class=\"elementor-widget-container\">\n\t\t\t\t\t<div class=\"elementor-divider\">\n\t\t\t<span class=\"elementor-divider-separator\">\n\t\t\t\t\t\t<\/span>\n\t\t<\/div>\n\t\t\t\t<\/div>\n\t\t\t\t<\/div>\n\t\t\t\t<\/div>\n\t\t<div class=\"elementor-element elementor-element-2e9800d e-flex e-con-boxed e-con e-parent\" data-id=\"2e9800d\" data-element_type=\"container\">\n\t\t\t\t\t<div class=\"e-con-inner\">\n\t\t\t\t\t<\/div>\n\t\t\t\t<\/div>\n\t\t<div class=\"elementor-element elementor-element-4d197d14 e-flex e-con-boxed e-con e-parent\" data-id=\"4d197d14\" data-element_type=\"container\">\n\t\t\t\t\t<div class=\"e-con-inner\">\n\t\t\t\t<div class=\"elementor-element elementor-element-50062370 elementor-widget elementor-widget-heading\" data-id=\"50062370\" data-element_type=\"widget\" data-widget_type=\"heading.default\">\n\t\t\t\t<div class=\"elementor-widget-container\">\n\t\t\t<h2 class=\"elementor-heading-title elementor-size-default\"><a style=\"text-decoration: none;\" href=\"https:\/\/dechraderm.ca\/fr\/\">Accueil<\/a> \/ <a style=\"text-decoration: none;\" href=\"https:\/\/dechraderm.ca\/fr\/cats\/\">Chats<\/a> \/ <a style=\"text-decoration: none;\" href=\"https:\/\/dechraderm.ca\/fr\/cats\/skin-lesions\/\"> L\u00e9sions Cutan\u00e9es <\/a> \/ <a style=\"text-decoration: none;\" href=\"https:\/\/dechraderm.ca\/fr\/cats\/skin-lesions\/\">\u00c9tapes Diagnostiques de Base<\/a> \/ <a style=\"text-decoration: none;\" href=\"https:\/\/dechraderm.ca\/fr\/cats\/skin-lesions\/cytology\/\">Cytologie<\/a> \/ Antibioth\u00e9rapie Syst\u00e9mique<\/h2>\t\t<\/div>\n\t\t\t\t<\/div>\n\t\t\t\t<div class=\"elementor-element elementor-element-509b381a elementor-widget elementor-widget-heading\" data-id=\"509b381a\" data-element_type=\"widget\" data-widget_type=\"heading.default\">\n\t\t\t\t<div class=\"elementor-widget-container\">\n\t\t\t<h2 class=\"elementor-heading-title elementor-size-default\">Antibioth\u00e9rapie syst\u00e9mique<\/h2>\t\t<\/div>\n\t\t\t\t<\/div>\n\t\t\t\t<div class=\"elementor-element elementor-element-694efb4 elementor-widget elementor-widget-text-editor\" data-id=\"694efb4\" data-element_type=\"widget\" data-widget_type=\"text-editor.default\">\n\t\t\t\t<div class=\"elementor-widget-container\">\n\t\t\t\t\t\t\t<p>Veuillez noter que l\u2019antibioth\u00e9rapie syst\u00e9mique n\u2019est PAS indiqu\u00e9e pour les pyodermites de surface ou superficielles.<\/p><p>Le traitement antimicrobien topique, utilis\u00e9 seul, est le traitement de choix pour la folliculite bact\u00e9rienne superficielle f\u00e9line ainsi que pour d'autres formes de pyodermite superficielle.<\/p>\t\t\t\t\t\t<\/div>\n\t\t\t\t<\/div>\n\t\t\t\t<div class=\"elementor-element elementor-element-1cb5486 elementor-widget elementor-widget-heading\" data-id=\"1cb5486\" data-element_type=\"widget\" data-widget_type=\"heading.default\">\n\t\t\t\t<div class=\"elementor-widget-container\">\n\t\t\t<h2 class=\"elementor-heading-title elementor-size-default\">3 lignes directrices \u00e0 respecter<a style=\"text-decoration: none;\" href=\"https:\/\/dev-dechra-derma.pantheonsite.io\/references\/\" target=\"_blank\"><sup><span style=\"font-family: &quot;Helvetica Neue&quot;, sans-serif; font-weight: 400; text-align: var(--text-align);\"><font size=\"2\" >12<\/font><\/sup><\/a><\/h2>\t\t<\/div>\n\t\t\t\t<\/div>\n\t\t\t\t\t<\/div>\n\t\t\t\t<\/div>\n\t\t<div class=\"elementor-element elementor-element-585691a e-flex e-con-boxed e-con e-parent\" data-id=\"585691a\" data-element_type=\"container\">\n\t\t\t\t\t<div class=\"e-con-inner\">\n\t\t\t\t\t<\/div>\n\t\t\t\t<\/div>\n\t\t<div class=\"elementor-element elementor-element-efeb8f9 e-flex e-con-boxed e-con e-parent\" data-id=\"efeb8f9\" data-element_type=\"container\">\n\t\t\t\t\t<div class=\"e-con-inner\">\n\t\t<div class=\"elementor-element elementor-element-2693b00 e-con-full e-flex e-con e-child\" data-id=\"2693b00\" data-element_type=\"container\">\n\t\t\t\t<div class=\"elementor-element elementor-element-5e4844d elementor-widget elementor-widget-image\" data-id=\"5e4844d\" data-element_type=\"widget\" data-widget_type=\"image.default\">\n\t\t\t\t<div class=\"elementor-widget-container\">\n\t\t\t\t\t\t\t\t\t\t\t\t\t<img fetchpriority=\"high\" decoding=\"async\" width=\"419\" height=\"304\" src=\"https:\/\/dechraderm.ca\/wp-content\/uploads\/2024\/09\/img-correct-antibiotic-1.jpg\" class=\"attachment-large size-large wp-image-1435\" alt=\"\" srcset=\"https:\/\/dechraderm.ca\/wp-content\/uploads\/2024\/09\/img-correct-antibiotic-1.jpg 419w, https:\/\/dechraderm.ca\/wp-content\/uploads\/2024\/09\/img-correct-antibiotic-1-300x218.jpg 300w\" sizes=\"(max-width: 419px) 100vw, 419px\" \/>\t\t\t\t\t\t\t\t\t\t\t\t\t<\/div>\n\t\t\t\t<\/div>\n\t\t\t\t<div class=\"elementor-element elementor-element-fad70f1 elementor-widget elementor-widget-heading\" data-id=\"fad70f1\" data-element_type=\"widget\" data-widget_type=\"heading.default\">\n\t\t\t\t<div class=\"elementor-widget-container\">\n\t\t\t<h2 class=\"elementor-heading-title elementor-size-default\">Antibiotique appropri\u00e9<\/h2>\t\t<\/div>\n\t\t\t\t<\/div>\n\t\t\t\t<div class=\"elementor-element elementor-element-64bc1dd elementor-icon-list--layout-traditional elementor-list-item-link-full_width elementor-widget elementor-widget-icon-list\" data-id=\"64bc1dd\" data-element_type=\"widget\" data-widget_type=\"icon-list.default\">\n\t\t\t\t<div class=\"elementor-widget-container\">\n\t\t\t\t\t<ul class=\"elementor-icon-list-items\">\n\t\t\t\t\t\t\t<li class=\"elementor-icon-list-item\">\n\t\t\t\t\t\t\t\t\t\t\t<span class=\"elementor-icon-list-icon\">\n\t\t\t\t\t\t\t<svg xmlns=\"http:\/\/www.w3.org\/2000\/svg\" width=\"16\" height=\"16\" viewbox=\"0 0 16 16\"><circle id=\"Elipse_1\" data-name=\"Elipse 1\" cx=\"8\" cy=\"8\" r=\"8\" fill=\"#67e6bb\"><\/circle><\/svg>\t\t\t\t\t\t<\/span>\n\t\t\t\t\t\t\t\t\t\t<span class=\"elementor-icon-list-text\">L\u2019antibioth\u00e9rapie syst\u00e9mique devrait \u00eatre r\u00e9serv\u00e9e aux cas n\u2019ayant pas r\u00e9pondu \u00e0 un traitement antimicrobien topique seul ou lorsque ce traitement n\u2019est pas r\u00e9alisable en raison de contraintes li\u00e9es au client ou au patient. <\/span>\n\t\t\t\t\t\t\t\t\t<\/li>\n\t\t\t\t\t\t\t\t<li class=\"elementor-icon-list-item\">\n\t\t\t\t\t\t\t\t\t\t\t<span class=\"elementor-icon-list-icon\">\n\t\t\t\t\t\t\t<svg xmlns=\"http:\/\/www.w3.org\/2000\/svg\" width=\"16\" height=\"16\" viewbox=\"0 0 16 16\"><circle id=\"Elipse_1\" data-name=\"Elipse 1\" cx=\"8\" cy=\"8\" r=\"8\" fill=\"#67e6bb\"><\/circle><\/svg>\t\t\t\t\t\t<\/span>\n\t\t\t\t\t\t\t\t\t\t<span class=\"elementor-icon-list-text\">Des choix empiriques peuvent \u00eatre appropri\u00e9s si les r\u00e9sultats de la cytologie soutiennent une infection \u00e0 staphylocoques et s\u2019il existe une faible suspicion de MRS, sur la base des informations cliniques, historiques et g\u00e9ographiques.<\/span>\n\t\t\t\t\t\t\t\t\t<\/li>\n\t\t\t\t\t\t<\/ul>\n\t\t\t\t<\/div>\n\t\t\t\t<\/div>\n\t\t\t\t<\/div>\n\t\t<div class=\"elementor-element elementor-element-2f1ba18 e-con-full e-flex e-con e-child\" data-id=\"2f1ba18\" data-element_type=\"container\">\n\t\t\t\t<div class=\"elementor-element elementor-element-64b82e8 elementor-widget elementor-widget-image\" data-id=\"64b82e8\" data-element_type=\"widget\" data-widget_type=\"image.default\">\n\t\t\t\t<div class=\"elementor-widget-container\">\n\t\t\t\t\t\t\t\t\t\t\t\t\t<img decoding=\"async\" width=\"418\" height=\"304\" src=\"https:\/\/dechraderm.ca\/wp-content\/uploads\/2024\/09\/img-correct-dose-1.jpg\" class=\"attachment-large size-large wp-image-1436\" alt=\"\" srcset=\"https:\/\/dechraderm.ca\/wp-content\/uploads\/2024\/09\/img-correct-dose-1.jpg 418w, https:\/\/dechraderm.ca\/wp-content\/uploads\/2024\/09\/img-correct-dose-1-300x218.jpg 300w\" sizes=\"(max-width: 418px) 100vw, 418px\" \/>\t\t\t\t\t\t\t\t\t\t\t\t\t<\/div>\n\t\t\t\t<\/div>\n\t\t\t\t<div class=\"elementor-element elementor-element-c21bcf1 elementor-widget elementor-widget-heading\" data-id=\"c21bcf1\" data-element_type=\"widget\" data-widget_type=\"heading.default\">\n\t\t\t\t<div class=\"elementor-widget-container\">\n\t\t\t<h2 class=\"elementor-heading-title elementor-size-default\">Dose appropri\u00e9e<\/h2>\t\t<\/div>\n\t\t\t\t<\/div>\n\t\t\t\t<div class=\"elementor-element elementor-element-9775a86 elementor-icon-list--layout-traditional elementor-list-item-link-full_width elementor-widget elementor-widget-icon-list\" data-id=\"9775a86\" data-element_type=\"widget\" data-widget_type=\"icon-list.default\">\n\t\t\t\t<div class=\"elementor-widget-container\">\n\t\t\t\t\t<ul class=\"elementor-icon-list-items\">\n\t\t\t\t\t\t\t<li class=\"elementor-icon-list-item\">\n\t\t\t\t\t\t\t\t\t\t\t<span class=\"elementor-icon-list-icon\">\n\t\t\t\t\t\t\t<svg xmlns=\"http:\/\/www.w3.org\/2000\/svg\" width=\"16\" height=\"16\" viewbox=\"0 0 16 16\"><circle id=\"Elipse_1\" data-name=\"Elipse 1\" cx=\"8\" cy=\"8\" r=\"8\" fill=\"#67e6bb\"><\/circle><\/svg>\t\t\t\t\t\t<\/span>\n\t\t\t\t\t\t\t\t\t\t<span class=\"elementor-icon-list-text\">C\u00e9phalexine 22-25mg\/kg PO q12h<\/span>\n\t\t\t\t\t\t\t\t\t<\/li>\n\t\t\t\t\t\t\t\t<li class=\"elementor-icon-list-item\">\n\t\t\t\t\t\t\t\t\t\t\t<span class=\"elementor-icon-list-icon\">\n\t\t\t\t\t\t\t<svg xmlns=\"http:\/\/www.w3.org\/2000\/svg\" width=\"16\" height=\"16\" viewbox=\"0 0 16 16\"><circle id=\"Elipse_1\" data-name=\"Elipse 1\" cx=\"8\" cy=\"8\" r=\"8\" fill=\"#67e6bb\"><\/circle><\/svg>\t\t\t\t\t\t<\/span>\n\t\t\t\t\t\t\t\t\t\t<span class=\"elementor-icon-list-text\">Amoxicilline acide clavulanique 62.5mg par chat PO q12h<\/span>\n\t\t\t\t\t\t\t\t\t<\/li>\n\t\t\t\t\t\t\t\t<li class=\"elementor-icon-list-item\">\n\t\t\t\t\t\t\t\t\t\t\t<span class=\"elementor-icon-list-icon\">\n\t\t\t\t\t\t\t<svg xmlns=\"http:\/\/www.w3.org\/2000\/svg\" width=\"16\" height=\"16\" viewbox=\"0 0 16 16\"><circle id=\"Elipse_1\" data-name=\"Elipse 1\" cx=\"8\" cy=\"8\" r=\"8\" fill=\"#67e6bb\"><\/circle><\/svg>\t\t\t\t\t\t<\/span>\n\t\t\t\t\t\t\t\t\t\t<span class=\"elementor-icon-list-text\">Clindamycine 11-33 mg\/kg PO q24h <\/span>\n\t\t\t\t\t\t\t\t\t<\/li>\n\t\t\t\t\t\t<\/ul>\n\t\t\t\t<\/div>\n\t\t\t\t<\/div>\n\t\t\t\t<\/div>\n\t\t<div class=\"elementor-element elementor-element-a752450 e-con-full e-flex e-con e-child\" data-id=\"a752450\" data-element_type=\"container\">\n\t\t\t\t<div class=\"elementor-element elementor-element-da087d2 elementor-widget elementor-widget-image\" data-id=\"da087d2\" data-element_type=\"widget\" data-widget_type=\"image.default\">\n\t\t\t\t<div class=\"elementor-widget-container\">\n\t\t\t\t\t\t\t\t\t\t\t\t\t<img decoding=\"async\" width=\"419\" height=\"304\" src=\"https:\/\/dechraderm.ca\/wp-content\/uploads\/2024\/09\/img-correct-duration.jpg\" class=\"attachment-large size-large wp-image-1437\" alt=\"\" srcset=\"https:\/\/dechraderm.ca\/wp-content\/uploads\/2024\/09\/img-correct-duration.jpg 419w, https:\/\/dechraderm.ca\/wp-content\/uploads\/2024\/09\/img-correct-duration-300x218.jpg 300w\" sizes=\"(max-width: 419px) 100vw, 419px\" \/>\t\t\t\t\t\t\t\t\t\t\t\t\t<\/div>\n\t\t\t\t<\/div>\n\t\t\t\t<div class=\"elementor-element elementor-element-e6db013 elementor-widget elementor-widget-heading\" data-id=\"e6db013\" data-element_type=\"widget\" data-widget_type=\"heading.default\">\n\t\t\t\t<div class=\"elementor-widget-container\">\n\t\t\t<h2 class=\"elementor-heading-title elementor-size-default\">Dur\u00e9e appropri\u00e9e <\/h2>\t\t<\/div>\n\t\t\t\t<\/div>\n\t\t\t\t<div class=\"elementor-element elementor-element-7262cad elementor-icon-list--layout-traditional elementor-list-item-link-full_width elementor-widget elementor-widget-icon-list\" data-id=\"7262cad\" data-element_type=\"widget\" data-widget_type=\"icon-list.default\">\n\t\t\t\t<div class=\"elementor-widget-container\">\n\t\t\t\t\t<ul class=\"elementor-icon-list-items\">\n\t\t\t\t\t\t\t<li class=\"elementor-icon-list-item\">\n\t\t\t\t\t\t\t\t\t\t\t<span class=\"elementor-icon-list-icon\">\n\t\t\t\t\t\t\t<svg xmlns=\"http:\/\/www.w3.org\/2000\/svg\" width=\"16\" height=\"16\" viewbox=\"0 0 16 16\"><circle id=\"Elipse_1\" data-name=\"Elipse 1\" cx=\"8\" cy=\"8\" r=\"8\" fill=\"#67e6bb\"><\/circle><\/svg>\t\t\t\t\t\t<\/span>\n\t\t\t\t\t\t\t\t\t\t<span class=\"elementor-icon-list-text\">Recommander un traitement de 1 \u00e0 2 semaines, puis r\u00e9aliser un contr\u00f4le clinique et cytologique. <\/span>\n\t\t\t\t\t\t\t\t\t<\/li>\n\t\t\t\t\t\t\t\t<li class=\"elementor-icon-list-item\">\n\t\t\t\t\t\t\t\t\t\t\t<span class=\"elementor-icon-list-icon\">\n\t\t\t\t\t\t\t<svg xmlns=\"http:\/\/www.w3.org\/2000\/svg\" width=\"16\" height=\"16\" viewbox=\"0 0 16 16\"><circle id=\"Elipse_1\" data-name=\"Elipse 1\" cx=\"8\" cy=\"8\" r=\"8\" fill=\"#67e6bb\"><\/circle><\/svg>\t\t\t\t\t\t<\/span>\n\t\t\t\t\t\t\t\t\t\t<span class=\"elementor-icon-list-text\">Il n\u2019existe aucune preuve justifiant la prolongation de l\u2019antibioth\u00e9rapie syst\u00e9mique au-del\u00e0 de la disparition des signes cliniques de l\u2019infection ; il est plut\u00f4t essentiel d\u2019identifier et de traiter les causes primaires sous-jacentes.<\/span>\n\t\t\t\t\t\t\t\t\t<\/li>\n\t\t\t\t\t\t<\/ul>\n\t\t\t\t<\/div>\n\t\t\t\t<\/div>\n\t\t\t\t<\/div>\n\t\t\t\t\t<\/div>\n\t\t\t\t<\/div>\n\t\t<div class=\"elementor-element elementor-element-088e811 e-flex e-con-boxed e-con e-parent\" data-id=\"088e811\" data-element_type=\"container\">\n\t\t\t\t\t<div class=\"e-con-inner\">\n\t\t\t\t<div class=\"elementor-element elementor-element-68918b4 elementor-widget elementor-widget-spacer\" data-id=\"68918b4\" data-element_type=\"widget\" data-widget_type=\"spacer.default\">\n\t\t\t\t<div class=\"elementor-widget-container\">\n\t\t\t\t\t<div class=\"elementor-spacer\">\n\t\t\t<div class=\"elementor-spacer-inner\"><\/div>\n\t\t<\/div>\n\t\t\t\t<\/div>\n\t\t\t\t<\/div>\n\t\t\t\t\t<\/div>\n\t\t\t\t<\/div>\n\t\t<div class=\"elementor-element elementor-element-6923d26 e-flex e-con-boxed e-con e-parent\" data-id=\"6923d26\" data-element_type=\"container\">\n\t\t\t\t\t<div class=\"e-con-inner\">\n\t\t\t\t<div class=\"elementor-element elementor-element-eb44b03 elementor-widget elementor-widget-text-editor\" data-id=\"eb44b03\" data-element_type=\"widget\" data-widget_type=\"text-editor.default\">\n\t\t\t\t<div class=\"elementor-widget-container\">\n\t\t\t\t\t\t\t\nL'Association canadienne des m\u00e9decins v\u00e9t\u00e9rinaires (ACMV), en partenariat avec l'Universit\u00e9 de Calgary et Firstline Clinical\u2122, a lanc\u00e9 les Directives de l'ACMV sur l'utilisation des antimicrobiens en m\u00e9decine v\u00e9t\u00e9rinaire (UAM). Cet outil innovant aide les v\u00e9t\u00e9rinaires canadiens \u00e0 prendre des d\u00e9cisions de prescription bas\u00e9es sur des preuves en fournissant un acc\u00e8s \u00e0 des options antimicrobiennes sp\u00e9cifiques aux esp\u00e8ces au point de service via leurs appareils mobiles.\t\t\t\t\t\t<\/div>\n\t\t\t\t<\/div>\n\t\t\t\t<div class=\"elementor-element elementor-element-63c7fd5 elementor-widget elementor-widget-text-editor\" data-id=\"63c7fd5\" data-element_type=\"widget\" data-widget_type=\"text-editor.default\">\n\t\t\t\t<div class=\"elementor-widget-container\">\n\t\t\t\t\t\t\tVisitez le lien pour acc\u00e9der au code QR pour t\u00e9l\u00e9charger l'application et explorer les derni\u00e8res recommandations en mati\u00e8re d\u2019usage judicieux d\u2019antibiotiques. <u><b><a href=\"https:\/\/savi.canadianveterinarians.net\/en\/firstline\/\"><color style=\"color: #00366D\">https:\/\/savi.canadianveterinarians.net\/en\/firstline<\/a><\/u><\/b>\t\t\t\t\t\t<\/div>\n\t\t\t\t<\/div>\n\t\t\t\t\t<\/div>\n\t\t\t\t<\/div>\n\t\t\t\t<\/div>","protected":false},"excerpt":{"rendered":"<p>Home \/ Cats \/ Skin Lesions \/ Dermatologic Database \/ Cytology \/ Systemic Antibiotic Therapy Systemic Antibiotic Therapy Please note that systemic antibiotic therapy is NOT indicated for surface or superficial pyoderma. Topical antimicrobial therapy as the sole antibacterial treatment is the treatment-of-choice for feline superficial bacterial folliculitis and for other presentations of superficial pyoderma. [&hellip;]<\/p>","protected":false},"author":1,"featured_media":0,"parent":1222,"menu_order":0,"comment_status":"closed","ping_status":"closed","template":"elementor_canvas","meta":{"footnotes":""},"class_list":["post-1233","page","type-page","status-publish","hentry"],"_links":{"self":[{"href":"https:\/\/dechraderm.ca\/fr\/wp-json\/wp\/v2\/pages\/1233","targetHints":{"allow":["GET"]}}],"collection":[{"href":"https:\/\/dechraderm.ca\/fr\/wp-json\/wp\/v2\/pages"}],"about":[{"href":"https:\/\/dechraderm.ca\/fr\/wp-json\/wp\/v2\/types\/page"}],"author":[{"embeddable":true,"href":"https:\/\/dechraderm.ca\/fr\/wp-json\/wp\/v2\/users\/1"}],"replies":[{"embeddable":true,"href":"https:\/\/dechraderm.ca\/fr\/wp-json\/wp\/v2\/comments?post=1233"}],"version-history":[{"count":52,"href":"https:\/\/dechraderm.ca\/fr\/wp-json\/wp\/v2\/pages\/1233\/revisions"}],"predecessor-version":[{"id":10308,"href":"https:\/\/dechraderm.ca\/fr\/wp-json\/wp\/v2\/pages\/1233\/revisions\/10308"}],"up":[{"embeddable":true,"href":"https:\/\/dechraderm.ca\/fr\/wp-json\/wp\/v2\/pages\/1222"}],"wp:attachment":[{"href":"https:\/\/dechraderm.ca\/fr\/wp-json\/wp\/v2\/media?parent=1233"}],"curies":[{"name":"wp","href":"https:\/\/api.w.org\/{rel}","templated":true}]}}