{"id":1499,"date":"2024-09-27T11:26:30","date_gmt":"2024-09-27T11:26:30","guid":{"rendered":"https:\/\/dev-dechra-derma.pantheonsite.io\/?page_id=1499"},"modified":"2025-08-21T17:28:28","modified_gmt":"2025-08-21T17:28:28","slug":"dermachlor4","status":"publish","type":"page","link":"https:\/\/dechraderm.ca\/fr\/cats\/skin-lesions\/cytology\/dermachlor4\/","title":{"rendered":"DermaChlor4"},"content":{"rendered":"<div data-elementor-type=\"wp-page\" data-elementor-id=\"1499\" class=\"elementor elementor-1499\" data-elementor-post-type=\"page\">\n\t\t\t\t<div class=\"elementor-element elementor-element-459256e e-flex e-con-boxed e-con e-parent\" data-id=\"459256e\" data-element_type=\"container\">\n\t\t\t\t\t<div class=\"e-con-inner\">\n\t\t\t\t<div class=\"elementor-element elementor-element-b9dddab e-transform elementor-widget-divider--view-line elementor-widget elementor-widget-divider\" data-id=\"b9dddab\" data-element_type=\"widget\" data-settings=\"{&quot;_transform_scaleX_effect&quot;:{&quot;unit&quot;:&quot;px&quot;,&quot;size&quot;:1.2,&quot;sizes&quot;:[]},&quot;_transform_scaleX_effect_widescreen&quot;:{&quot;unit&quot;:&quot;px&quot;,&quot;size&quot;:&quot;&quot;,&quot;sizes&quot;:[]},&quot;_transform_scaleX_effect_laptop&quot;:{&quot;unit&quot;:&quot;px&quot;,&quot;size&quot;:&quot;&quot;,&quot;sizes&quot;:[]},&quot;_transform_scaleX_effect_tablet&quot;:{&quot;unit&quot;:&quot;px&quot;,&quot;size&quot;:&quot;&quot;,&quot;sizes&quot;:[]},&quot;_transform_scaleX_effect_mobile&quot;:{&quot;unit&quot;:&quot;px&quot;,&quot;size&quot;:&quot;&quot;,&quot;sizes&quot;:[]},&quot;_transform_scaleY_effect&quot;:{&quot;unit&quot;:&quot;px&quot;,&quot;size&quot;:&quot;&quot;,&quot;sizes&quot;:[]},&quot;_transform_scaleY_effect_widescreen&quot;:{&quot;unit&quot;:&quot;px&quot;,&quot;size&quot;:&quot;&quot;,&quot;sizes&quot;:[]},&quot;_transform_scaleY_effect_laptop&quot;:{&quot;unit&quot;:&quot;px&quot;,&quot;size&quot;:&quot;&quot;,&quot;sizes&quot;:[]},&quot;_transform_scaleY_effect_tablet&quot;:{&quot;unit&quot;:&quot;px&quot;,&quot;size&quot;:&quot;&quot;,&quot;sizes&quot;:[]},&quot;_transform_scaleY_effect_mobile&quot;:{&quot;unit&quot;:&quot;px&quot;,&quot;size&quot;:&quot;&quot;,&quot;sizes&quot;:[]}}\" data-widget_type=\"divider.default\">\n\t\t\t\t<div class=\"elementor-widget-container\">\n\t\t\t\t\t<div class=\"elementor-divider\">\n\t\t\t<span class=\"elementor-divider-separator\">\n\t\t\t\t\t\t<\/span>\n\t\t<\/div>\n\t\t\t\t<\/div>\n\t\t\t\t<\/div>\n\t\t\t\t\t<\/div>\n\t\t\t\t<\/div>\n\t\t<div class=\"elementor-element elementor-element-27bb0a29 e-con-full e-flex e-con e-parent\" data-id=\"27bb0a29\" data-element_type=\"container\">\n\t\t\t\t<div class=\"elementor-element elementor-element-62c76319 elementor-widget__width-inherit elementor-absolute elementor-hidden-tablet elementor-hidden-mobile e-transform elementor-widget elementor-widget-image\" data-id=\"62c76319\" data-element_type=\"widget\" data-settings=\"{&quot;_position&quot;:&quot;absolute&quot;,&quot;_transform_translateX_effect_widescreen&quot;:{&quot;unit&quot;:&quot;px&quot;,&quot;size&quot;:-220,&quot;sizes&quot;:[]},&quot;_transform_translateY_effect_widescreen&quot;:{&quot;unit&quot;:&quot;px&quot;,&quot;size&quot;:-220,&quot;sizes&quot;:[]},&quot;_transform_translateX_effect&quot;:{&quot;unit&quot;:&quot;px&quot;,&quot;size&quot;:&quot;&quot;,&quot;sizes&quot;:[]},&quot;_transform_translateX_effect_laptop&quot;:{&quot;unit&quot;:&quot;px&quot;,&quot;size&quot;:&quot;&quot;,&quot;sizes&quot;:[]},&quot;_transform_translateX_effect_tablet&quot;:{&quot;unit&quot;:&quot;px&quot;,&quot;size&quot;:&quot;&quot;,&quot;sizes&quot;:[]},&quot;_transform_translateX_effect_mobile&quot;:{&quot;unit&quot;:&quot;px&quot;,&quot;size&quot;:&quot;&quot;,&quot;sizes&quot;:[]},&quot;_transform_translateY_effect&quot;:{&quot;unit&quot;:&quot;px&quot;,&quot;size&quot;:&quot;&quot;,&quot;sizes&quot;:[]},&quot;_transform_translateY_effect_laptop&quot;:{&quot;unit&quot;:&quot;px&quot;,&quot;size&quot;:&quot;&quot;,&quot;sizes&quot;:[]},&quot;_transform_translateY_effect_tablet&quot;:{&quot;unit&quot;:&quot;px&quot;,&quot;size&quot;:&quot;&quot;,&quot;sizes&quot;:[]},&quot;_transform_translateY_effect_mobile&quot;:{&quot;unit&quot;:&quot;px&quot;,&quot;size&quot;:&quot;&quot;,&quot;sizes&quot;:[]}}\" data-widget_type=\"image.default\">\n\t\t\t\t<div class=\"elementor-widget-container\">\n\t\t\t\t\t\t\t\t\t\t\t\t\t<img fetchpriority=\"high\" decoding=\"async\" width=\"625\" height=\"623\" src=\"https:\/\/dechraderm.ca\/wp-content\/uploads\/2024\/09\/dot-green2.png\" class=\"attachment-large size-large wp-image-766\" alt=\"\" srcset=\"https:\/\/dechraderm.ca\/wp-content\/uploads\/2024\/09\/dot-green2.png 625w, https:\/\/dechraderm.ca\/wp-content\/uploads\/2024\/09\/dot-green2-300x300.png 300w, https:\/\/dechraderm.ca\/wp-content\/uploads\/2024\/09\/dot-green2-150x150.png 150w\" sizes=\"(max-width: 625px) 100vw, 625px\" \/>\t\t\t\t\t\t\t\t\t\t\t\t\t<\/div>\n\t\t\t\t<\/div>\n\t\t\t\t<\/div>\n\t\t<div class=\"elementor-element elementor-element-1dda9a20 e-flex e-con-boxed e-con e-parent\" data-id=\"1dda9a20\" data-element_type=\"container\" data-settings=\"{&quot;background_background&quot;:&quot;classic&quot;}\">\n\t\t\t\t\t<div class=\"e-con-inner\">\n\t\t<div class=\"elementor-element elementor-element-20ffae4e e-con-full e-flex e-con e-child\" data-id=\"20ffae4e\" data-element_type=\"container\">\n\t\t\t\t<div class=\"elementor-element elementor-element-a2901fe elementor-widget elementor-widget-heading\" data-id=\"a2901fe\" data-element_type=\"widget\" data-widget_type=\"heading.default\">\n\t\t\t\t<div class=\"elementor-widget-container\">\n\t\t\t<h2 class=\"elementor-heading-title elementor-size-default\"><a style=\"text-decoration: none;\" href=\"https:\/\/dechraderm.ca\/fr\/\">Accueil<\/a> \/ <a style=\"text-decoration: none;\" href=\"https:\/\/dechraderm.ca\/fr\/cats\/\">Chats<\/a> \/ <a style=\"text-decoration: none;\" href=\"https:\/\/dechraderm.ca\/fr\/cats\/skin-lesions\/\">L\u00e9sions Cutan\u00e9es<\/a> \/ <a style=\"text-decoration: none;\" href=\"https:\/\/dechraderm.ca\/fr\/cats\/skin-lesions\/\">\u00c9tapes Diagnostiques de Base<\/a> \/ <a style=\"text-decoration: none;\" href=\"https:\/\/dechraderm.ca\/fr\/cats\/skin-lesions\/cytology\/\">Cytologie <\/a> \/ <a style=\"text-decoration: none;\" href=\"https:\/\/dechraderm.ca\/fr\/cats\/skin-lesions\/cytology\/#skin_infection\">Infection Cutan\u00e9e<\/a> \/ DermaChlor<sup><font size=\"2\" >\u2122<\/font><\/sup> 4 <\/a><\/h2>\t\t<\/div>\n\t\t\t\t<\/div>\n\t\t\t\t<div class=\"elementor-element elementor-element-64deee6f elementor-widget elementor-widget-heading\" data-id=\"64deee6f\" data-element_type=\"widget\" data-widget_type=\"heading.default\">\n\t\t\t\t<div class=\"elementor-widget-container\">\n\t\t\t<h2 class=\"elementor-heading-title elementor-size-default\">DermaChlor<sup><font size=\"5\" >\u2122<\/font><\/sup> 4 (Chlorhexidine)<\/h2>\t\t<\/div>\n\t\t\t\t<\/div>\n\t\t\t\t<div class=\"elementor-element elementor-element-bb9a9be elementor-widget__width-initial elementor-widget elementor-widget-text-editor\" data-id=\"bb9a9be\" data-element_type=\"widget\" data-widget_type=\"text-editor.default\">\n\t\t\t\t<div class=\"elementor-widget-container\">\n\t\t\t\t\t\t\t\n<em>Ces protocoles ont \u00e9t\u00e9 sugg\u00e9r\u00e9s selon la litt\u00e9rature disponible. Ils ne sont pas cens\u00e9s \u00eatre \u00ab universels \u00bb et doivent \u00eatre adapt\u00e9s aux besoins individuels de chaque patient.<\/em>\t\t\t\t\t\t<\/div>\n\t\t\t\t<\/div>\n\t\t\t\t<div class=\"elementor-element elementor-element-26c71ee4 elementor-widget__width-initial e-transform elementor-icon-list--layout-traditional elementor-list-item-link-full_width elementor-widget elementor-widget-icon-list\" data-id=\"26c71ee4\" data-element_type=\"widget\" data-settings=\"{&quot;_transform_translateX_effect&quot;:{&quot;unit&quot;:&quot;px&quot;,&quot;size&quot;:0,&quot;sizes&quot;:[]},&quot;_transform_translateY_effect&quot;:{&quot;unit&quot;:&quot;px&quot;,&quot;size&quot;:-268,&quot;sizes&quot;:[]},&quot;_transform_translateY_effect_mobile&quot;:{&quot;unit&quot;:&quot;px&quot;,&quot;size&quot;:0,&quot;sizes&quot;:[]},&quot;_transform_translateX_effect_widescreen&quot;:{&quot;unit&quot;:&quot;px&quot;,&quot;size&quot;:&quot;&quot;,&quot;sizes&quot;:[]},&quot;_transform_translateX_effect_laptop&quot;:{&quot;unit&quot;:&quot;px&quot;,&quot;size&quot;:&quot;&quot;,&quot;sizes&quot;:[]},&quot;_transform_translateX_effect_tablet&quot;:{&quot;unit&quot;:&quot;px&quot;,&quot;size&quot;:&quot;&quot;,&quot;sizes&quot;:[]},&quot;_transform_translateX_effect_mobile&quot;:{&quot;unit&quot;:&quot;px&quot;,&quot;size&quot;:&quot;&quot;,&quot;sizes&quot;:[]},&quot;_transform_translateY_effect_widescreen&quot;:{&quot;unit&quot;:&quot;px&quot;,&quot;size&quot;:&quot;&quot;,&quot;sizes&quot;:[]},&quot;_transform_translateY_effect_laptop&quot;:{&quot;unit&quot;:&quot;px&quot;,&quot;size&quot;:&quot;&quot;,&quot;sizes&quot;:[]},&quot;_transform_translateY_effect_tablet&quot;:{&quot;unit&quot;:&quot;px&quot;,&quot;size&quot;:&quot;&quot;,&quot;sizes&quot;:[]}}\" data-widget_type=\"icon-list.default\">\n\t\t\t\t<div class=\"elementor-widget-container\">\n\t\t\t\t\t<ul class=\"elementor-icon-list-items\">\n\t\t\t\t\t\t\t<li class=\"elementor-icon-list-item\">\n\t\t\t\t\t\t\t\t\t\t\t<span class=\"elementor-icon-list-icon\">\n\t\t\t\t\t\t\t<svg xmlns=\"http:\/\/www.w3.org\/2000\/svg\" xmlns:xlink=\"http:\/\/www.w3.org\/1999\/xlink\" width=\"8.577\" height=\"17.156\" viewbox=\"0 0 8.577 17.156\"><defs><clippath id=\"clip-path\"><path id=\"Caminho_25\" data-name=\"Caminho 25\" d=\"M0,8.843H8.577V-8.313H0Z\" transform=\"translate(0 8.313)\" fill=\"none\"><\/path><\/clippath><\/defs><g id=\"Grupo_91\" data-name=\"Grupo 91\" transform=\"translate(0 8.313)\"><g id=\"Grupo_90\" data-name=\"Grupo 90\" transform=\"translate(0 -8.313)\" clip-path=\"url(#clip-path)\"><g id=\"Grupo_89\" data-name=\"Grupo 89\" transform=\"translate(0 1.548)\"><path id=\"Caminho_24\" data-name=\"Caminho 24\" d=\"M0,7.248A7.03,7.03,0,0,0,7.029.218,7.03,7.03,0,0,0,0-6.813\" transform=\"translate(0 6.813)\" fill=\"#fff\" stroke=\"#59cfd5\" stroke-width=\"3\"><\/path><\/g><\/g><\/g><\/svg>\t\t\t\t\t\t<\/span>\n\t\t\t\t\t\t\t\t\t\t<span class=\"elementor-icon-list-text\">2 \u00e0 3 x\/semaine jusqu'\u00e0 7 jours apr\u00e8s la disparition des l\u00e9sions, puis 1 x\/semaine en prophylaxie.<a style=\"text-decoration: none;\" href=\"https:\/\/dev-dechra-derma.pantheonsite.io\/references\/\" target=\"_blank\"><sup><color style=\"color: black\"><font size=\"1\" >7<\/font><\/sup><\/a><\/span>\n\t\t\t\t\t\t\t\t\t<\/li>\n\t\t\t\t\t\t\t\t<li class=\"elementor-icon-list-item\">\n\t\t\t\t\t\t\t\t\t\t\t<span class=\"elementor-icon-list-icon\">\n\t\t\t\t\t\t\t<svg xmlns=\"http:\/\/www.w3.org\/2000\/svg\" xmlns:xlink=\"http:\/\/www.w3.org\/1999\/xlink\" width=\"8.577\" height=\"17.156\" viewbox=\"0 0 8.577 17.156\"><defs><clippath id=\"clip-path\"><path id=\"Caminho_25\" data-name=\"Caminho 25\" d=\"M0,8.843H8.577V-8.313H0Z\" transform=\"translate(0 8.313)\" fill=\"none\"><\/path><\/clippath><\/defs><g id=\"Grupo_91\" data-name=\"Grupo 91\" transform=\"translate(0 8.313)\"><g id=\"Grupo_90\" data-name=\"Grupo 90\" transform=\"translate(0 -8.313)\" clip-path=\"url(#clip-path)\"><g id=\"Grupo_89\" data-name=\"Grupo 89\" transform=\"translate(0 1.548)\"><path id=\"Caminho_24\" data-name=\"Caminho 24\" d=\"M0,7.248A7.03,7.03,0,0,0,7.029.218,7.03,7.03,0,0,0,0-6.813\" transform=\"translate(0 6.813)\" fill=\"#fff\" stroke=\"#59cfd5\" stroke-width=\"3\"><\/path><\/g><\/g><\/g><\/svg>\t\t\t\t\t\t<\/span>\n\t\t\t\t\t\t\t\t\t\t<span class=\"elementor-icon-list-text\">Pour les shampooings, il est important de respecter un temps de contact de 10 minutes avant le rin\u00e7age.<a style=\"text-decoration: none;\" href=\"https:\/\/dev-dechra-derma.pantheonsite.io\/references\/\" target=\"_blank\"><sup><color style=\"color: black\"><font size=\"1\" >7<\/font><\/sup><\/a><\/span><\/span>\n\t\t\t\t\t\t\t\t\t<\/li>\n\t\t\t\t\t\t\t\t<li class=\"elementor-icon-list-item\">\n\t\t\t\t\t\t\t\t\t\t\t<span class=\"elementor-icon-list-icon\">\n\t\t\t\t\t\t\t<svg xmlns=\"http:\/\/www.w3.org\/2000\/svg\" xmlns:xlink=\"http:\/\/www.w3.org\/1999\/xlink\" width=\"8.577\" height=\"17.156\" viewbox=\"0 0 8.577 17.156\"><defs><clippath id=\"clip-path\"><path id=\"Caminho_25\" data-name=\"Caminho 25\" d=\"M0,8.843H8.577V-8.313H0Z\" transform=\"translate(0 8.313)\" fill=\"none\"><\/path><\/clippath><\/defs><g id=\"Grupo_91\" data-name=\"Grupo 91\" transform=\"translate(0 8.313)\"><g id=\"Grupo_90\" data-name=\"Grupo 90\" transform=\"translate(0 -8.313)\" clip-path=\"url(#clip-path)\"><g id=\"Grupo_89\" data-name=\"Grupo 89\" transform=\"translate(0 1.548)\"><path id=\"Caminho_24\" data-name=\"Caminho 24\" d=\"M0,7.248A7.03,7.03,0,0,0,7.029.218,7.03,7.03,0,0,0,0-6.813\" transform=\"translate(0 6.813)\" fill=\"#fff\" stroke=\"#59cfd5\" stroke-width=\"3\"><\/path><\/g><\/g><\/g><\/svg>\t\t\t\t\t\t<\/span>\n\t\t\t\t\t\t\t\t\t\t<span class=\"elementor-icon-list-text\">2 x\/semaine en shampooing et 1 x\/jour en vaporisateur, mousse ou lingettes les jours sans shampooing pendant 4 semaines.<a style=\"text-decoration: none;\" href=\"https:\/\/dev-dechra-derma.pantheonsite.io\/references\/\" target=\"_blank\"><sup><color style=\"color: black\"><font size=\"1\" >2<\/font><\/sup><\/a><\/span><\/span>\n\t\t\t\t\t\t\t\t\t<\/li>\n\t\t\t\t\t\t<\/ul>\n\t\t\t\t<\/div>\n\t\t\t\t<\/div>\n\t\t\t\t<\/div>\n\t\t<div class=\"elementor-element elementor-element-e8b9322 e-con-full e-flex e-con e-child\" data-id=\"e8b9322\" data-element_type=\"container\">\n\t\t\t\t<div class=\"elementor-element elementor-element-e9bef6e e-transform elementor-widget elementor-widget-image\" data-id=\"e9bef6e\" data-element_type=\"widget\" data-settings=\"{&quot;_transform_translateX_effect_mobile&quot;:{&quot;unit&quot;:&quot;px&quot;,&quot;size&quot;:0,&quot;sizes&quot;:[]},&quot;_transform_translateY_effect_mobile&quot;:{&quot;unit&quot;:&quot;px&quot;,&quot;size&quot;:-61,&quot;sizes&quot;:[]},&quot;_transform_translateX_effect&quot;:{&quot;unit&quot;:&quot;px&quot;,&quot;size&quot;:&quot;&quot;,&quot;sizes&quot;:[]},&quot;_transform_translateX_effect_widescreen&quot;:{&quot;unit&quot;:&quot;px&quot;,&quot;size&quot;:&quot;&quot;,&quot;sizes&quot;:[]},&quot;_transform_translateX_effect_laptop&quot;:{&quot;unit&quot;:&quot;px&quot;,&quot;size&quot;:&quot;&quot;,&quot;sizes&quot;:[]},&quot;_transform_translateX_effect_tablet&quot;:{&quot;unit&quot;:&quot;px&quot;,&quot;size&quot;:&quot;&quot;,&quot;sizes&quot;:[]},&quot;_transform_translateY_effect&quot;:{&quot;unit&quot;:&quot;px&quot;,&quot;size&quot;:&quot;&quot;,&quot;sizes&quot;:[]},&quot;_transform_translateY_effect_widescreen&quot;:{&quot;unit&quot;:&quot;px&quot;,&quot;size&quot;:&quot;&quot;,&quot;sizes&quot;:[]},&quot;_transform_translateY_effect_laptop&quot;:{&quot;unit&quot;:&quot;px&quot;,&quot;size&quot;:&quot;&quot;,&quot;sizes&quot;:[]},&quot;_transform_translateY_effect_tablet&quot;:{&quot;unit&quot;:&quot;px&quot;,&quot;size&quot;:&quot;&quot;,&quot;sizes&quot;:[]}}\" data-widget_type=\"image.default\">\n\t\t\t\t<div class=\"elementor-widget-container\">\n\t\t\t\t\t\t\t\t\t\t\t\t\t<img decoding=\"async\" width=\"526\" height=\"525\" src=\"https:\/\/dechraderm.ca\/wp-content\/uploads\/2024\/09\/product-dermachlor.png\" class=\"attachment-large size-large wp-image-760\" alt=\"\" srcset=\"https:\/\/dechraderm.ca\/wp-content\/uploads\/2024\/09\/product-dermachlor.png 526w, https:\/\/dechraderm.ca\/wp-content\/uploads\/2024\/09\/product-dermachlor-300x300.png 300w, https:\/\/dechraderm.ca\/wp-content\/uploads\/2024\/09\/product-dermachlor-150x150.png 150w\" sizes=\"(max-width: 526px) 100vw, 526px\" \/>\t\t\t\t\t\t\t\t\t\t\t\t\t<\/div>\n\t\t\t\t<\/div>\n\t\t\t\t<\/div>\n\t\t\t\t\t<\/div>\n\t\t\t\t<\/div>\n\t\t<div class=\"elementor-element elementor-element-3cbe4c7f e-transform e-flex e-con-boxed e-con e-parent\" data-id=\"3cbe4c7f\" data-element_type=\"container\" data-settings=\"{&quot;_transform_translateY_effect&quot;:{&quot;unit&quot;:&quot;px&quot;,&quot;size&quot;:39,&quot;sizes&quot;:[]},&quot;_transform_translateX_effect&quot;:{&quot;unit&quot;:&quot;px&quot;,&quot;size&quot;:&quot;&quot;,&quot;sizes&quot;:[]},&quot;_transform_translateX_effect_widescreen&quot;:{&quot;unit&quot;:&quot;px&quot;,&quot;size&quot;:&quot;&quot;,&quot;sizes&quot;:[]},&quot;_transform_translateX_effect_laptop&quot;:{&quot;unit&quot;:&quot;px&quot;,&quot;size&quot;:&quot;&quot;,&quot;sizes&quot;:[]},&quot;_transform_translateX_effect_tablet&quot;:{&quot;unit&quot;:&quot;px&quot;,&quot;size&quot;:&quot;&quot;,&quot;sizes&quot;:[]},&quot;_transform_translateX_effect_mobile&quot;:{&quot;unit&quot;:&quot;px&quot;,&quot;size&quot;:&quot;&quot;,&quot;sizes&quot;:[]},&quot;_transform_translateY_effect_widescreen&quot;:{&quot;unit&quot;:&quot;px&quot;,&quot;size&quot;:&quot;&quot;,&quot;sizes&quot;:[]},&quot;_transform_translateY_effect_laptop&quot;:{&quot;unit&quot;:&quot;px&quot;,&quot;size&quot;:&quot;&quot;,&quot;sizes&quot;:[]},&quot;_transform_translateY_effect_tablet&quot;:{&quot;unit&quot;:&quot;px&quot;,&quot;size&quot;:&quot;&quot;,&quot;sizes&quot;:[]},&quot;_transform_translateY_effect_mobile&quot;:{&quot;unit&quot;:&quot;px&quot;,&quot;size&quot;:&quot;&quot;,&quot;sizes&quot;:[]}}\">\n\t\t\t\t\t<div class=\"e-con-inner\">\n\t\t\t\t<div class=\"elementor-element elementor-element-794a28d7 elementor-align-center e-transform elementor-widget elementor-widget-button\" data-id=\"794a28d7\" data-element_type=\"widget\" data-settings=\"{&quot;_transform_translateY_effect_mobile&quot;:{&quot;unit&quot;:&quot;px&quot;,&quot;size&quot;:-110,&quot;sizes&quot;:[]},&quot;_transform_translateX_effect&quot;:{&quot;unit&quot;:&quot;px&quot;,&quot;size&quot;:&quot;&quot;,&quot;sizes&quot;:[]},&quot;_transform_translateX_effect_widescreen&quot;:{&quot;unit&quot;:&quot;px&quot;,&quot;size&quot;:&quot;&quot;,&quot;sizes&quot;:[]},&quot;_transform_translateX_effect_laptop&quot;:{&quot;unit&quot;:&quot;px&quot;,&quot;size&quot;:&quot;&quot;,&quot;sizes&quot;:[]},&quot;_transform_translateX_effect_tablet&quot;:{&quot;unit&quot;:&quot;px&quot;,&quot;size&quot;:&quot;&quot;,&quot;sizes&quot;:[]},&quot;_transform_translateX_effect_mobile&quot;:{&quot;unit&quot;:&quot;px&quot;,&quot;size&quot;:&quot;&quot;,&quot;sizes&quot;:[]},&quot;_transform_translateY_effect&quot;:{&quot;unit&quot;:&quot;px&quot;,&quot;size&quot;:&quot;&quot;,&quot;sizes&quot;:[]},&quot;_transform_translateY_effect_widescreen&quot;:{&quot;unit&quot;:&quot;px&quot;,&quot;size&quot;:&quot;&quot;,&quot;sizes&quot;:[]},&quot;_transform_translateY_effect_laptop&quot;:{&quot;unit&quot;:&quot;px&quot;,&quot;size&quot;:&quot;&quot;,&quot;sizes&quot;:[]},&quot;_transform_translateY_effect_tablet&quot;:{&quot;unit&quot;:&quot;px&quot;,&quot;size&quot;:&quot;&quot;,&quot;sizes&quot;:[]}}\" data-widget_type=\"button.default\">\n\t\t\t\t<div class=\"elementor-widget-container\">\n\t\t\t\t\t<div class=\"elementor-button-wrapper\">\n\t\t\t<a class=\"elementor-button elementor-button-link elementor-size-sm\" href=\"https:\/\/dechraderm.ca\/fr\/cats\/skin-lesions\/cytology\/#skin_infection\">\n\t\t\t\t\t\t<span class=\"elementor-button-content-wrapper\">\n\t\t\t\t\t\t\t\t\t<span class=\"elementor-button-text\">Voir d\u2019autres options th\u00e9rapeutiques<\/span>\n\t\t\t\t\t<\/span>\n\t\t\t\t\t<\/a>\n\t\t<\/div>\n\t\t\t\t<\/div>\n\t\t\t\t<\/div>\n\t\t\t\t\t<\/div>\n\t\t\t\t<\/div>\n\t\t\t\t<\/div>","protected":false},"excerpt":{"rendered":"<p>Home \/ Cats \/ Skin Lesions \/ Dermatologic Database \/ Cytology \/ Skin Infection \/ DermaChlor\u2122 4 DermaChlor\u2122 4 (Chlorhexidine) These protocols have been suggested based on provided literature. They are not intended to be \u201cone size fits all\u201d and should be adjusted according to the individual needs of each patient. 2-3 x\/week until 7 [&hellip;]<\/p>","protected":false},"author":1,"featured_media":0,"parent":1222,"menu_order":0,"comment_status":"closed","ping_status":"closed","template":"elementor_canvas","meta":{"footnotes":""},"class_list":["post-1499","page","type-page","status-publish","hentry"],"_links":{"self":[{"href":"https:\/\/dechraderm.ca\/fr\/wp-json\/wp\/v2\/pages\/1499","targetHints":{"allow":["GET"]}}],"collection":[{"href":"https:\/\/dechraderm.ca\/fr\/wp-json\/wp\/v2\/pages"}],"about":[{"href":"https:\/\/dechraderm.ca\/fr\/wp-json\/wp\/v2\/types\/page"}],"author":[{"embeddable":true,"href":"https:\/\/dechraderm.ca\/fr\/wp-json\/wp\/v2\/users\/1"}],"replies":[{"embeddable":true,"href":"https:\/\/dechraderm.ca\/fr\/wp-json\/wp\/v2\/comments?post=1499"}],"version-history":[{"count":187,"href":"https:\/\/dechraderm.ca\/fr\/wp-json\/wp\/v2\/pages\/1499\/revisions"}],"predecessor-version":[{"id":10341,"href":"https:\/\/dechraderm.ca\/fr\/wp-json\/wp\/v2\/pages\/1499\/revisions\/10341"}],"up":[{"embeddable":true,"href":"https:\/\/dechraderm.ca\/fr\/wp-json\/wp\/v2\/pages\/1222"}],"wp:attachment":[{"href":"https:\/\/dechraderm.ca\/fr\/wp-json\/wp\/v2\/media?parent=1499"}],"curies":[{"name":"wp","href":"https:\/\/api.w.org\/{rel}","templated":true}]}}