{"id":507,"date":"2024-09-24T23:06:56","date_gmt":"2024-09-24T23:06:56","guid":{"rendered":"https:\/\/dev-dechra-derma.pantheonsite.io\/?page_id=507"},"modified":"2025-08-21T16:51:52","modified_gmt":"2025-08-21T16:51:52","slug":"complete-response","status":"publish","type":"page","link":"https:\/\/dechraderm.ca\/fr\/dogs\/pruritus\/complete-response\/","title":{"rendered":"R\u00e9ponse compl\u00e8te"},"content":{"rendered":"<div data-elementor-type=\"wp-page\" data-elementor-id=\"507\" class=\"elementor elementor-507\" data-elementor-post-type=\"page\">\n\t\t\t\t<div class=\"elementor-element elementor-element-7d71829 e-con-full e-transform e-flex e-con e-parent\" data-id=\"7d71829\" data-element_type=\"container\" data-settings=\"{&quot;_transform_scaleX_effect&quot;:{&quot;unit&quot;:&quot;px&quot;,&quot;size&quot;:1.5,&quot;sizes&quot;:[]},&quot;_transform_scaleX_effect_widescreen&quot;:{&quot;unit&quot;:&quot;px&quot;,&quot;size&quot;:&quot;&quot;,&quot;sizes&quot;:[]},&quot;_transform_scaleX_effect_laptop&quot;:{&quot;unit&quot;:&quot;px&quot;,&quot;size&quot;:&quot;&quot;,&quot;sizes&quot;:[]},&quot;_transform_scaleX_effect_tablet&quot;:{&quot;unit&quot;:&quot;px&quot;,&quot;size&quot;:&quot;&quot;,&quot;sizes&quot;:[]},&quot;_transform_scaleX_effect_mobile&quot;:{&quot;unit&quot;:&quot;px&quot;,&quot;size&quot;:&quot;&quot;,&quot;sizes&quot;:[]},&quot;_transform_scaleY_effect&quot;:{&quot;unit&quot;:&quot;px&quot;,&quot;size&quot;:&quot;&quot;,&quot;sizes&quot;:[]},&quot;_transform_scaleY_effect_widescreen&quot;:{&quot;unit&quot;:&quot;px&quot;,&quot;size&quot;:&quot;&quot;,&quot;sizes&quot;:[]},&quot;_transform_scaleY_effect_laptop&quot;:{&quot;unit&quot;:&quot;px&quot;,&quot;size&quot;:&quot;&quot;,&quot;sizes&quot;:[]},&quot;_transform_scaleY_effect_tablet&quot;:{&quot;unit&quot;:&quot;px&quot;,&quot;size&quot;:&quot;&quot;,&quot;sizes&quot;:[]},&quot;_transform_scaleY_effect_mobile&quot;:{&quot;unit&quot;:&quot;px&quot;,&quot;size&quot;:&quot;&quot;,&quot;sizes&quot;:[]}}\">\n\t\t\t\t<div class=\"elementor-element elementor-element-0d7e5d5 elementor-widget__width-initial elementor-widget-divider--view-line elementor-widget elementor-widget-divider\" data-id=\"0d7e5d5\" data-element_type=\"widget\" data-widget_type=\"divider.default\">\n\t\t\t\t<div class=\"elementor-widget-container\">\n\t\t\t\t\t<div class=\"elementor-divider\">\n\t\t\t<span class=\"elementor-divider-separator\">\n\t\t\t\t\t\t<\/span>\n\t\t<\/div>\n\t\t\t\t<\/div>\n\t\t\t\t<\/div>\n\t\t\t\t<\/div>\n\t\t<div class=\"elementor-element elementor-element-7dfd47a e-flex e-con-boxed e-con e-parent\" data-id=\"7dfd47a\" data-element_type=\"container\">\n\t\t\t\t\t<div class=\"e-con-inner\">\n\t\t\t\t<div class=\"elementor-element elementor-element-df795a8 elementor-hidden-mobile elementor-widget elementor-widget-spacer\" data-id=\"df795a8\" data-element_type=\"widget\" data-widget_type=\"spacer.default\">\n\t\t\t\t<div class=\"elementor-widget-container\">\n\t\t\t\t\t<div class=\"elementor-spacer\">\n\t\t\t<div class=\"elementor-spacer-inner\"><\/div>\n\t\t<\/div>\n\t\t\t\t<\/div>\n\t\t\t\t<\/div>\n\t\t\t\t\t<\/div>\n\t\t\t\t<\/div>\n\t\t<div class=\"elementor-element elementor-element-016e61e e-flex e-con-boxed e-con e-parent\" data-id=\"016e61e\" data-element_type=\"container\">\n\t\t\t\t\t<div class=\"e-con-inner\">\n\t\t<div class=\"elementor-element elementor-element-0906d64 e-con-full e-flex e-con e-child\" data-id=\"0906d64\" data-element_type=\"container\">\n\t\t\t\t<div class=\"elementor-element elementor-element-5e58e815 elementor-invisible elementor-widget elementor-widget-heading\" data-id=\"5e58e815\" data-element_type=\"widget\" data-settings=\"{&quot;_animation&quot;:&quot;fadeInDown&quot;}\" data-widget_type=\"heading.default\">\n\t\t\t\t<div class=\"elementor-widget-container\">\n\t\t\t<h2 class=\"elementor-heading-title elementor-size-default\"><a style=\"text-decoration: none;\" href=\"https:\/\/dechraderm.ca\/fr\/\">Accueil<\/a> \/ <a style=\"text-decoration: none;\" href=\"https:\/\/dechraderm.ca\/fr\/dogs\/\">Chiens<\/a> \/ <a style=\"text-decoration: none;\" href=\"https:\/\/dechraderm.ca\/fr\/dogs\/pruritus\/\"> Prurit <\/a> \/ R\u00e9ponse compl\u00e8te <\/h2>\t\t<\/div>\n\t\t\t\t<\/div>\n\t\t\t\t<div class=\"elementor-element elementor-element-5090dacc elementor-invisible elementor-widget elementor-widget-heading\" data-id=\"5090dacc\" data-element_type=\"widget\" data-settings=\"{&quot;_animation&quot;:&quot;fadeInDown&quot;}\" data-widget_type=\"heading.default\">\n\t\t\t\t<div class=\"elementor-widget-container\">\n\t\t\t<h2 class=\"elementor-heading-title elementor-size-default\">R\u00e9ponse compl\u00e8te<\/h2>\t\t<\/div>\n\t\t\t\t<\/div>\n\t\t\t\t<div class=\"elementor-element elementor-element-b2c5fa9 elementor-widget__width-initial elementor-invisible elementor-widget elementor-widget-text-editor\" data-id=\"b2c5fa9\" data-element_type=\"widget\" data-settings=\"{&quot;_animation&quot;:&quot;fadeInDown&quot;}\" data-widget_type=\"text-editor.default\">\n\t\t\t\t<div class=\"elementor-widget-container\">\n\t\t\t\t\t\t\t\nMerveilleux! Votre patient est beaucoup plus confortable. Pour obtenir une r\u00e9ponse compl\u00e8te au traitement, qui inclut l\u2019absence de retour du prurit une fois l\u2019arr\u00eat de la m\u00e9dication, les chiens doivent \u00eatre\t\t\t\t\t\t<\/div>\n\t\t\t\t<\/div>\n\t\t\t\t<div class=\"elementor-element elementor-element-c8c03b7 elementor-icon-list--layout-traditional elementor-list-item-link-full_width elementor-invisible elementor-widget elementor-widget-icon-list\" data-id=\"c8c03b7\" data-element_type=\"widget\" data-settings=\"{&quot;_animation&quot;:&quot;fadeInDown&quot;}\" data-widget_type=\"icon-list.default\">\n\t\t\t\t<div class=\"elementor-widget-container\">\n\t\t\t\t\t<ul class=\"elementor-icon-list-items\">\n\t\t\t\t\t\t\t<li class=\"elementor-icon-list-item\">\n\t\t\t\t\t\t\t\t\t\t\t<span class=\"elementor-icon-list-icon\">\n\t\t\t\t\t\t\t<svg xmlns=\"http:\/\/www.w3.org\/2000\/svg\" xmlns:xlink=\"http:\/\/www.w3.org\/1999\/xlink\" id=\"Check_mark\" data-name=\"Check mark\" width=\"30\" height=\"30\" viewbox=\"0 0 30 30\"><defs><clippath id=\"clip-path\"><rect id=\"Ret&#xE2;ngulo_38\" data-name=\"Ret&#xE2;ngulo 38\" width=\"30\" height=\"30\" fill=\"#67e6bb\"><\/rect><\/clippath><\/defs><g id=\"Grupo_69\" data-name=\"Grupo 69\" clip-path=\"url(#clip-path)\"><path id=\"Caminho_12\" data-name=\"Caminho 12\" d=\"M30,15A15,15,0,1,1,15,0,15,15,0,0,1,30,15\" transform=\"translate(0 -0.001)\" fill=\"#67e6bb\"><\/path><path id=\"Caminho_13\" data-name=\"Caminho 13\" d=\"M142.424,194.034l3.308,3.313.468.469a1.785,1.785,0,0,0,2.487,0l3.159-3.159,4.992-4.992,1.142-1.142a1.758,1.758,0,0,0-2.487-2.487l-3.159,3.159-4.992,4.992-1.142,1.142h2.487l-3.308-3.313-.468-.469a1.758,1.758,0,0,0-2.487,2.487\" transform=\"translate(-135.203 -176.749)\" fill=\"#fff\"><\/path><\/g><\/svg>\t\t\t\t\t\t<\/span>\n\t\t\t\t\t\t\t\t\t\t<span class=\"elementor-icon-list-text\">Trait\u00e9s pour tous les ectoparasites<\/span>\n\t\t\t\t\t\t\t\t\t<\/li>\n\t\t\t\t\t\t\t\t<li class=\"elementor-icon-list-item\">\n\t\t\t\t\t\t\t\t\t\t\t<span class=\"elementor-icon-list-icon\">\n\t\t\t\t\t\t\t<svg xmlns=\"http:\/\/www.w3.org\/2000\/svg\" xmlns:xlink=\"http:\/\/www.w3.org\/1999\/xlink\" id=\"Check_mark\" data-name=\"Check mark\" width=\"30\" height=\"30\" viewbox=\"0 0 30 30\"><defs><clippath id=\"clip-path\"><rect id=\"Ret&#xE2;ngulo_38\" data-name=\"Ret&#xE2;ngulo 38\" width=\"30\" height=\"30\" fill=\"#67e6bb\"><\/rect><\/clippath><\/defs><g id=\"Grupo_69\" data-name=\"Grupo 69\" clip-path=\"url(#clip-path)\"><path id=\"Caminho_12\" data-name=\"Caminho 12\" d=\"M30,15A15,15,0,1,1,15,0,15,15,0,0,1,30,15\" transform=\"translate(0 -0.001)\" fill=\"#67e6bb\"><\/path><path id=\"Caminho_13\" data-name=\"Caminho 13\" d=\"M142.424,194.034l3.308,3.313.468.469a1.785,1.785,0,0,0,2.487,0l3.159-3.159,4.992-4.992,1.142-1.142a1.758,1.758,0,0,0-2.487-2.487l-3.159,3.159-4.992,4.992-1.142,1.142h2.487l-3.308-3.313-.468-.469a1.758,1.758,0,0,0-2.487,2.487\" transform=\"translate(-135.203 -176.749)\" fill=\"#fff\"><\/path><\/g><\/svg>\t\t\t\t\t\t<\/span>\n\t\t\t\t\t\t\t\t\t\t<span class=\"elementor-icon-list-text\">Pris en charge pour les allergies environnementales et\/ou alimentaires<\/span>\n\t\t\t\t\t\t\t\t\t<\/li>\n\t\t\t\t\t\t\t\t<li class=\"elementor-icon-list-item\">\n\t\t\t\t\t\t\t\t\t\t\t<span class=\"elementor-icon-list-icon\">\n\t\t\t\t\t\t\t<svg xmlns=\"http:\/\/www.w3.org\/2000\/svg\" xmlns:xlink=\"http:\/\/www.w3.org\/1999\/xlink\" id=\"Check_mark\" data-name=\"Check mark\" width=\"30\" height=\"30\" viewbox=\"0 0 30 30\"><defs><clippath id=\"clip-path\"><rect id=\"Ret&#xE2;ngulo_38\" data-name=\"Ret&#xE2;ngulo 38\" width=\"30\" height=\"30\" fill=\"#67e6bb\"><\/rect><\/clippath><\/defs><g id=\"Grupo_69\" data-name=\"Grupo 69\" clip-path=\"url(#clip-path)\"><path id=\"Caminho_12\" data-name=\"Caminho 12\" d=\"M30,15A15,15,0,1,1,15,0,15,15,0,0,1,30,15\" transform=\"translate(0 -0.001)\" fill=\"#67e6bb\"><\/path><path id=\"Caminho_13\" data-name=\"Caminho 13\" d=\"M142.424,194.034l3.308,3.313.468.469a1.785,1.785,0,0,0,2.487,0l3.159-3.159,4.992-4.992,1.142-1.142a1.758,1.758,0,0,0-2.487-2.487l-3.159,3.159-4.992,4.992-1.142,1.142h2.487l-3.308-3.313-.468-.469a1.758,1.758,0,0,0-2.487,2.487\" transform=\"translate(-135.203 -176.749)\" fill=\"#fff\"><\/path><\/g><\/svg>\t\t\t\t\t\t<\/span>\n\t\t\t\t\t\t\t\t\t\t<span class=\"elementor-icon-list-text\">Pris en charge pour toute prolif\u00e9ration secondaire de levures ou de bact\u00e9ries<\/span>\n\t\t\t\t\t\t\t\t\t<\/li>\n\t\t\t\t\t\t<\/ul>\n\t\t\t\t<\/div>\n\t\t\t\t<\/div>\n\t\t\t\t<div class=\"elementor-element elementor-element-0ca7e1a elementor-hidden-mobile elementor-widget elementor-widget-spacer\" data-id=\"0ca7e1a\" data-element_type=\"widget\" data-widget_type=\"spacer.default\">\n\t\t\t\t<div class=\"elementor-widget-container\">\n\t\t\t\t\t<div class=\"elementor-spacer\">\n\t\t\t<div class=\"elementor-spacer-inner\"><\/div>\n\t\t<\/div>\n\t\t\t\t<\/div>\n\t\t\t\t<\/div>\n\t\t\t\t<div class=\"elementor-element elementor-element-8a52d36 elementor-mobile-align-center elementor-invisible elementor-widget elementor-widget-button\" data-id=\"8a52d36\" data-element_type=\"widget\" data-settings=\"{&quot;_animation&quot;:&quot;fadeInDown&quot;}\" data-widget_type=\"button.default\">\n\t\t\t\t<div class=\"elementor-widget-container\">\n\t\t\t\t\t<div class=\"elementor-button-wrapper\">\n\t\t\t<a class=\"elementor-button elementor-button-link elementor-size-sm\" href=\"https:\/\/dechraderm.ca\/fr\/dogs\/pruritus\/partial-or-no-response\/\">\n\t\t\t\t\t\t<span class=\"elementor-button-content-wrapper\">\n\t\t\t\t\t\t\t\t\t<span class=\"elementor-button-text\">Cliquez ici pour explorer Aucune r\u00e9ponse<\/span>\n\t\t\t\t\t<\/span>\n\t\t\t\t\t<\/a>\n\t\t<\/div>\n\t\t\t\t<\/div>\n\t\t\t\t<\/div>\n\t\t\t\t<\/div>\n\t\t<div class=\"elementor-element elementor-element-1deb2c2 e-con-full e-transform e-transform e-flex e-con e-child\" data-id=\"1deb2c2\" data-element_type=\"container\" data-settings=\"{&quot;_transform_translateX_effect_mobile&quot;:{&quot;unit&quot;:&quot;px&quot;,&quot;size&quot;:110,&quot;sizes&quot;:[]},&quot;_transform_translateY_effect_mobile&quot;:{&quot;unit&quot;:&quot;px&quot;,&quot;size&quot;:-37,&quot;sizes&quot;:[]},&quot;_transform_scale_effect_mobile&quot;:{&quot;unit&quot;:&quot;px&quot;,&quot;size&quot;:1.6,&quot;sizes&quot;:[]},&quot;_transform_translateX_effect&quot;:{&quot;unit&quot;:&quot;px&quot;,&quot;size&quot;:&quot;&quot;,&quot;sizes&quot;:[]},&quot;_transform_translateX_effect_widescreen&quot;:{&quot;unit&quot;:&quot;px&quot;,&quot;size&quot;:&quot;&quot;,&quot;sizes&quot;:[]},&quot;_transform_translateX_effect_laptop&quot;:{&quot;unit&quot;:&quot;px&quot;,&quot;size&quot;:&quot;&quot;,&quot;sizes&quot;:[]},&quot;_transform_translateX_effect_tablet&quot;:{&quot;unit&quot;:&quot;px&quot;,&quot;size&quot;:&quot;&quot;,&quot;sizes&quot;:[]},&quot;_transform_translateY_effect&quot;:{&quot;unit&quot;:&quot;px&quot;,&quot;size&quot;:&quot;&quot;,&quot;sizes&quot;:[]},&quot;_transform_translateY_effect_widescreen&quot;:{&quot;unit&quot;:&quot;px&quot;,&quot;size&quot;:&quot;&quot;,&quot;sizes&quot;:[]},&quot;_transform_translateY_effect_laptop&quot;:{&quot;unit&quot;:&quot;px&quot;,&quot;size&quot;:&quot;&quot;,&quot;sizes&quot;:[]},&quot;_transform_translateY_effect_tablet&quot;:{&quot;unit&quot;:&quot;px&quot;,&quot;size&quot;:&quot;&quot;,&quot;sizes&quot;:[]},&quot;_transform_scale_effect&quot;:{&quot;unit&quot;:&quot;px&quot;,&quot;size&quot;:&quot;&quot;,&quot;sizes&quot;:[]},&quot;_transform_scale_effect_widescreen&quot;:{&quot;unit&quot;:&quot;px&quot;,&quot;size&quot;:&quot;&quot;,&quot;sizes&quot;:[]},&quot;_transform_scale_effect_laptop&quot;:{&quot;unit&quot;:&quot;px&quot;,&quot;size&quot;:&quot;&quot;,&quot;sizes&quot;:[]},&quot;_transform_scale_effect_tablet&quot;:{&quot;unit&quot;:&quot;px&quot;,&quot;size&quot;:&quot;&quot;,&quot;sizes&quot;:[]}}\">\n\t\t\t\t<div class=\"elementor-element elementor-element-892ab2b elementor-widget__width-initial elementor-invisible elementor-widget elementor-widget-image\" data-id=\"892ab2b\" data-element_type=\"widget\" data-settings=\"{&quot;_animation&quot;:&quot;fadeInRight&quot;}\" data-widget_type=\"image.default\">\n\t\t\t\t<div class=\"elementor-widget-container\">\n\t\t\t\t\t\t\t\t\t\t\t\t\t<img fetchpriority=\"high\" decoding=\"async\" width=\"2749\" height=\"1128\" src=\"https:\/\/dechraderm.ca\/wp-content\/uploads\/2024\/09\/dog1-complete-response3.png\" class=\"attachment-full size-full wp-image-511\" alt=\"\" srcset=\"https:\/\/dechraderm.ca\/wp-content\/uploads\/2024\/09\/dog1-complete-response3.png 2749w, https:\/\/dechraderm.ca\/wp-content\/uploads\/2024\/09\/dog1-complete-response3-300x123.png 300w, https:\/\/dechraderm.ca\/wp-content\/uploads\/2024\/09\/dog1-complete-response3-1024x420.png 1024w, https:\/\/dechraderm.ca\/wp-content\/uploads\/2024\/09\/dog1-complete-response3-768x315.png 768w, https:\/\/dechraderm.ca\/wp-content\/uploads\/2024\/09\/dog1-complete-response3-1536x630.png 1536w, https:\/\/dechraderm.ca\/wp-content\/uploads\/2024\/09\/dog1-complete-response3-2048x840.png 2048w\" sizes=\"(max-width: 2749px) 100vw, 2749px\" \/>\t\t\t\t\t\t\t\t\t\t\t\t\t<\/div>\n\t\t\t\t<\/div>\n\t\t\t\t<\/div>\n\t\t\t\t\t<\/div>\n\t\t\t\t<\/div>\n\t\t<div class=\"elementor-element elementor-element-7361a7c elementor-hidden-mobile e-flex e-con-boxed e-con e-parent\" data-id=\"7361a7c\" data-element_type=\"container\">\n\t\t\t\t\t<div class=\"e-con-inner\">\n\t\t\t\t<div class=\"elementor-element elementor-element-1d45f95 elementor-widget elementor-widget-spacer\" data-id=\"1d45f95\" data-element_type=\"widget\" data-widget_type=\"spacer.default\">\n\t\t\t\t<div class=\"elementor-widget-container\">\n\t\t\t\t\t<div class=\"elementor-spacer\">\n\t\t\t<div class=\"elementor-spacer-inner\"><\/div>\n\t\t<\/div>\n\t\t\t\t<\/div>\n\t\t\t\t<\/div>\n\t\t\t\t\t<\/div>\n\t\t\t\t<\/div>\n\t\t\t\t<\/div>","protected":false},"excerpt":{"rendered":"<p>Home \/ Dogs \/ Pruritus \/ Complete Response Complete Response That\u2019s great! Your patient is much more comfortable. To achieve a complete response to treatment, which includes no return to pruritus once medications are stopped, dogs must have: All ectoparasites treated Environmental and\/or food allergies managed Any secondary yeast or bacterial overgrowths managed Click here [&hellip;]<\/p>","protected":false},"author":1,"featured_media":0,"parent":139,"menu_order":0,"comment_status":"closed","ping_status":"closed","template":"elementor_canvas","meta":{"footnotes":""},"class_list":["post-507","page","type-page","status-publish","hentry"],"_links":{"self":[{"href":"https:\/\/dechraderm.ca\/fr\/wp-json\/wp\/v2\/pages\/507","targetHints":{"allow":["GET"]}}],"collection":[{"href":"https:\/\/dechraderm.ca\/fr\/wp-json\/wp\/v2\/pages"}],"about":[{"href":"https:\/\/dechraderm.ca\/fr\/wp-json\/wp\/v2\/types\/page"}],"author":[{"embeddable":true,"href":"https:\/\/dechraderm.ca\/fr\/wp-json\/wp\/v2\/users\/1"}],"replies":[{"embeddable":true,"href":"https:\/\/dechraderm.ca\/fr\/wp-json\/wp\/v2\/comments?post=507"}],"version-history":[{"count":91,"href":"https:\/\/dechraderm.ca\/fr\/wp-json\/wp\/v2\/pages\/507\/revisions"}],"predecessor-version":[{"id":10283,"href":"https:\/\/dechraderm.ca\/fr\/wp-json\/wp\/v2\/pages\/507\/revisions\/10283"}],"up":[{"embeddable":true,"href":"https:\/\/dechraderm.ca\/fr\/wp-json\/wp\/v2\/pages\/139"}],"wp:attachment":[{"href":"https:\/\/dechraderm.ca\/fr\/wp-json\/wp\/v2\/media?parent=507"}],"curies":[{"name":"wp","href":"https:\/\/api.w.org\/{rel}","templated":true}]}}