{"id":635,"date":"2024-09-25T04:30:40","date_gmt":"2024-09-25T04:30:40","guid":{"rendered":"https:\/\/dev-dechra-derma.pantheonsite.io\/?page_id=635"},"modified":"2025-08-21T16:49:41","modified_gmt":"2025-08-21T16:49:41","slug":"allergen-specific-immunotherapy","status":"publish","type":"page","link":"https:\/\/dechraderm.ca\/fr\/dogs\/pruritus\/partial-or-no-response\/allergen-specific-immunotherapy\/","title":{"rendered":"Immunoth\u00e9rapie sp\u00e9cifique aux allerg\u00e8nes"},"content":{"rendered":"<div data-elementor-type=\"wp-page\" data-elementor-id=\"635\" class=\"elementor elementor-635\" data-elementor-post-type=\"page\">\n\t\t\t\t<div class=\"elementor-element elementor-element-f6431ea e-con-full e-flex e-con e-parent\" data-id=\"f6431ea\" data-element_type=\"container\">\n\t\t\t\t<div class=\"elementor-element elementor-element-65e946e e-transform elementor-widget-divider--view-line elementor-widget elementor-widget-divider\" data-id=\"65e946e\" data-element_type=\"widget\" data-settings=\"{&quot;_transform_scaleX_effect&quot;:{&quot;unit&quot;:&quot;px&quot;,&quot;size&quot;:1.2,&quot;sizes&quot;:[]},&quot;_transform_scaleX_effect_widescreen&quot;:{&quot;unit&quot;:&quot;px&quot;,&quot;size&quot;:&quot;&quot;,&quot;sizes&quot;:[]},&quot;_transform_scaleX_effect_laptop&quot;:{&quot;unit&quot;:&quot;px&quot;,&quot;size&quot;:&quot;&quot;,&quot;sizes&quot;:[]},&quot;_transform_scaleX_effect_tablet&quot;:{&quot;unit&quot;:&quot;px&quot;,&quot;size&quot;:&quot;&quot;,&quot;sizes&quot;:[]},&quot;_transform_scaleX_effect_mobile&quot;:{&quot;unit&quot;:&quot;px&quot;,&quot;size&quot;:&quot;&quot;,&quot;sizes&quot;:[]},&quot;_transform_scaleY_effect&quot;:{&quot;unit&quot;:&quot;px&quot;,&quot;size&quot;:&quot;&quot;,&quot;sizes&quot;:[]},&quot;_transform_scaleY_effect_widescreen&quot;:{&quot;unit&quot;:&quot;px&quot;,&quot;size&quot;:&quot;&quot;,&quot;sizes&quot;:[]},&quot;_transform_scaleY_effect_laptop&quot;:{&quot;unit&quot;:&quot;px&quot;,&quot;size&quot;:&quot;&quot;,&quot;sizes&quot;:[]},&quot;_transform_scaleY_effect_tablet&quot;:{&quot;unit&quot;:&quot;px&quot;,&quot;size&quot;:&quot;&quot;,&quot;sizes&quot;:[]},&quot;_transform_scaleY_effect_mobile&quot;:{&quot;unit&quot;:&quot;px&quot;,&quot;size&quot;:&quot;&quot;,&quot;sizes&quot;:[]}}\" data-widget_type=\"divider.default\">\n\t\t\t\t<div class=\"elementor-widget-container\">\n\t\t\t\t\t<div class=\"elementor-divider\">\n\t\t\t<span class=\"elementor-divider-separator\">\n\t\t\t\t\t\t<\/span>\n\t\t<\/div>\n\t\t\t\t<\/div>\n\t\t\t\t<\/div>\n\t\t\t\t<\/div>\n\t\t<div class=\"elementor-element elementor-element-fc228c0 e-flex e-con-boxed e-con e-parent\" data-id=\"fc228c0\" data-element_type=\"container\">\n\t\t\t\t\t<div class=\"e-con-inner\">\n\t\t\t\t<div class=\"elementor-element elementor-element-77b93b12 elementor-widget elementor-widget-heading\" data-id=\"77b93b12\" data-element_type=\"widget\" data-widget_type=\"heading.default\">\n\t\t\t\t<div class=\"elementor-widget-container\">\n\t\t\t<h2 class=\"elementor-heading-title elementor-size-default\"><a style=\"text-decoration: none;\" href=\"https:\/\/dechraderm.ca\/fr\/\">Accueil<\/a> \/ <a style=\"text-decoration: none;\" href=\"https:\/\/dechraderm.ca\/fr\/dogs\/\">Chiens<\/a> \/ <a style=\"text-decoration: none;\" href=\"https:\/\/dechraderm.ca\/fr\/dogs\/pruritus\/\"> Prurit <\/a> \/ <a style=\"text-decoration: none;\" href=\"https:\/\/dechraderm.ca\/fr\/dogs\/pruritus\/partial-or-no-response\/\">Aucune r\u00e9ponse ou r\u00e9ponse partielle<\/a> \/ Les 4 piliers du traitement de l\u2019atopie<\/h2>\t\t<\/div>\n\t\t\t\t<\/div>\n\t\t\t\t<div class=\"elementor-element elementor-element-467d0db6 elementor-widget elementor-widget-heading\" data-id=\"467d0db6\" data-element_type=\"widget\" data-widget_type=\"heading.default\">\n\t\t\t\t<div class=\"elementor-widget-container\">\n\t\t\t<h2 class=\"elementor-heading-title elementor-size-default\">Les 4 piliers du traitement de l\u2019atopie<\/h2>\t\t<\/div>\n\t\t\t\t<\/div>\n\t\t\t\t\t<\/div>\n\t\t\t\t<\/div>\n\t\t<div class=\"elementor-element elementor-element-3d362c24 e-flex e-con-boxed e-con e-parent\" data-id=\"3d362c24\" data-element_type=\"container\">\n\t\t\t\t\t<div class=\"e-con-inner\">\n\t\t<div class=\"elementor-element elementor-element-15e9a28a e-con-full e-flex e-con e-child\" data-id=\"15e9a28a\" data-element_type=\"container\">\n\t\t\t\t<div class=\"elementor-element elementor-element-632f3da6 elementor-widget elementor-widget-button\" data-id=\"632f3da6\" data-element_type=\"widget\" data-widget_type=\"button.default\">\n\t\t\t\t<div class=\"elementor-widget-container\">\n\t\t\t\t\t<div class=\"elementor-button-wrapper\">\n\t\t\t<a class=\"elementor-button elementor-button-link elementor-size-sm\" href=\"https:\/\/dechraderm.ca\/fr\/dogs\/pruritus\/partial-or-no-response\/adjunctive-therapy\/#adjunctive_therapy\">\n\t\t\t\t\t\t<span class=\"elementor-button-content-wrapper\">\n\t\t\t\t\t\t\t\t\t<span class=\"elementor-button-text\">Th\u00e9rapie adjuvante <\/span>\n\t\t\t\t\t<\/span>\n\t\t\t\t\t<\/a>\n\t\t<\/div>\n\t\t\t\t<\/div>\n\t\t\t\t<\/div>\n\t\t\t\t<div class=\"elementor-element elementor-element-4372bfa0 elementor-widget elementor-widget-button\" data-id=\"4372bfa0\" data-element_type=\"widget\" data-widget_type=\"button.default\">\n\t\t\t\t<div class=\"elementor-widget-container\">\n\t\t\t\t\t<div class=\"elementor-button-wrapper\">\n\t\t\t<a class=\"elementor-button elementor-button-link elementor-size-sm\" href=\"https:\/\/dechraderm.ca\/fr\/dogs\/pruritus\/partial-or-no-response\/anti-inflammatory-therapy\/#anti_inflammatory\">\n\t\t\t\t\t\t<span class=\"elementor-button-content-wrapper\">\n\t\t\t\t\t\t\t\t\t<span class=\"elementor-button-text\">Th\u00e9rapie anti-inflammatoires <\/span>\n\t\t\t\t\t<\/span>\n\t\t\t\t\t<\/a>\n\t\t<\/div>\n\t\t\t\t<\/div>\n\t\t\t\t<\/div>\n\t\t\t\t<div class=\"elementor-element elementor-element-35f97d06 elementor-widget elementor-widget-button\" data-id=\"35f97d06\" data-element_type=\"widget\" data-widget_type=\"button.default\">\n\t\t\t\t<div class=\"elementor-widget-container\">\n\t\t\t\t\t<div class=\"elementor-button-wrapper\">\n\t\t\t<a class=\"elementor-button elementor-button-link elementor-size-sm\" href=\"https:\/\/dechraderm.ca\/fr\/dogs\/pruritus\/partial-or-no-response\/topical-therapy-and-skin-anatomy\/#topical_therapy\">\n\t\t\t\t\t\t<span class=\"elementor-button-content-wrapper\">\n\t\t\t\t\t\t\t\t\t<span class=\"elementor-button-text\">Th\u00e9rapie topique <\/span>\n\t\t\t\t\t<\/span>\n\t\t\t\t\t<\/a>\n\t\t<\/div>\n\t\t\t\t<\/div>\n\t\t\t\t<\/div>\n\t\t\t\t<div class=\"elementor-element elementor-element-6e8d60fc elementor-widget elementor-widget-button\" data-id=\"6e8d60fc\" data-element_type=\"widget\" data-widget_type=\"button.default\">\n\t\t\t\t<div class=\"elementor-widget-container\">\n\t\t\t\t\t<div class=\"elementor-button-wrapper\">\n\t\t\t<a class=\"elementor-button elementor-button-link elementor-size-sm\" href=\"#\">\n\t\t\t\t\t\t<span class=\"elementor-button-content-wrapper\">\n\t\t\t\t\t\t\t\t\t<span class=\"elementor-button-text\">Immunoth\u00e9rapie sp\u00e9cifique aux allerg\u00e8nes<\/span>\n\t\t\t\t\t<\/span>\n\t\t\t\t\t<\/a>\n\t\t<\/div>\n\t\t\t\t<\/div>\n\t\t\t\t<\/div>\n\t\t\t\t<\/div>\n\t\t<div class=\"elementor-element elementor-element-465d1f55 e-con-full e-flex e-con e-child\" data-id=\"465d1f55\" data-element_type=\"container\">\n\t\t\t\t<div class=\"elementor-element elementor-element-584c5b01 e-transform elementor-widget elementor-widget-spacer\" data-id=\"584c5b01\" data-element_type=\"widget\" data-settings=\"{&quot;_transform_rotateZ_effect&quot;:{&quot;unit&quot;:&quot;px&quot;,&quot;size&quot;:90,&quot;sizes&quot;:[]},&quot;_transform_rotateZ_effect_widescreen&quot;:{&quot;unit&quot;:&quot;deg&quot;,&quot;size&quot;:&quot;&quot;,&quot;sizes&quot;:[]},&quot;_transform_rotateZ_effect_laptop&quot;:{&quot;unit&quot;:&quot;deg&quot;,&quot;size&quot;:&quot;&quot;,&quot;sizes&quot;:[]},&quot;_transform_rotateZ_effect_tablet&quot;:{&quot;unit&quot;:&quot;deg&quot;,&quot;size&quot;:&quot;&quot;,&quot;sizes&quot;:[]},&quot;_transform_rotateZ_effect_mobile&quot;:{&quot;unit&quot;:&quot;deg&quot;,&quot;size&quot;:&quot;&quot;,&quot;sizes&quot;:[]}}\" data-widget_type=\"spacer.default\">\n\t\t\t\t<div class=\"elementor-widget-container\">\n\t\t\t\t\t<div class=\"elementor-spacer\">\n\t\t\t<div class=\"elementor-spacer-inner\"><\/div>\n\t\t<\/div>\n\t\t\t\t<\/div>\n\t\t\t\t<\/div>\n\t\t\t\t<\/div>\n\t\t<div class=\"elementor-element elementor-element-3e3d7f4d e-con-full e-flex e-con e-child\" data-id=\"3e3d7f4d\" data-element_type=\"container\" id=\"allergen_specific\">\n\t\t\t\t<div class=\"elementor-element elementor-element-3bbf10b elementor-widget elementor-widget-heading\" data-id=\"3bbf10b\" data-element_type=\"widget\" data-widget_type=\"heading.default\">\n\t\t\t\t<div class=\"elementor-widget-container\">\n\t\t\t<h2 class=\"elementor-heading-title elementor-size-default\">Immunoth\u00e9rapie sp\u00e9cifique aux allerg\u00e8nes (ITA)<a style=\"text-decoration: none;\" href=\"https:\/\/dev-dechra-derma.pantheonsite.io\/references\/\" target=\"_blank\"><sup><span style=\"font-family: &quot;Helvetica Neue&quot;, sans-serif; font-weight: 400; text-align: var(--text-align);\"><font size=\"2\" >12<\/font><\/sup><\/a><\/h2>\t\t<\/div>\n\t\t\t\t<\/div>\n\t\t\t\t<div class=\"elementor-element elementor-element-2bc07cc elementor-icon-list--layout-traditional elementor-list-item-link-full_width elementor-widget elementor-widget-icon-list\" data-id=\"2bc07cc\" data-element_type=\"widget\" data-widget_type=\"icon-list.default\">\n\t\t\t\t<div class=\"elementor-widget-container\">\n\t\t\t\t\t<ul class=\"elementor-icon-list-items\">\n\t\t\t\t\t\t\t<li class=\"elementor-icon-list-item\">\n\t\t\t\t\t\t\t\t\t\t\t<span class=\"elementor-icon-list-icon\">\n\t\t\t\t\t\t\t<svg xmlns=\"http:\/\/www.w3.org\/2000\/svg\" width=\"16\" height=\"16\" viewbox=\"0 0 16 16\"><circle id=\"Elipse_1\" data-name=\"Elipse 1\" cx=\"8\" cy=\"8\" r=\"8\" fill=\"#67e6bb\"><\/circle><\/svg>\t\t\t\t\t\t<\/span>\n\t\t\t\t\t\t\t\t\t\t<span class=\"elementor-icon-list-text\">L\u2019immunoth\u00e9rapie est le seul traitement contre les allergies capable de pr\u00e9venir leur tendance naturelle \u00e0 s\u2019aggraver en intensit\u00e9 et en dur\u00e9e chaque ann\u00e9e. Elle est efficace chez environ 70 % des patients allergiques. <\/span>\n\t\t\t\t\t\t\t\t\t<\/li>\n\t\t\t\t\t\t\t\t<li class=\"elementor-icon-list-item\">\n\t\t\t\t\t\t\t\t\t\t\t<span class=\"elementor-icon-list-icon\">\n\t\t\t\t\t\t\t<svg xmlns=\"http:\/\/www.w3.org\/2000\/svg\" width=\"16\" height=\"16\" viewbox=\"0 0 16 16\"><circle id=\"Elipse_1\" data-name=\"Elipse 1\" cx=\"8\" cy=\"8\" r=\"8\" fill=\"#67e6bb\"><\/circle><\/svg>\t\t\t\t\t\t<\/span>\n\t\t\t\t\t\t\t\t\t\t<span class=\"elementor-icon-list-text\">L\u2019immunoth\u00e9rapie consiste en une solution faiblement dos\u00e9e de la substance \u00e0 laquelle le patient est allergique. Elle est disponible sous forme d\u2019injections traditionnelles sous la peau ou de spray oral (immunoth\u00e9rapie sublinguale).<\/span>\n\t\t\t\t\t\t\t\t\t<\/li>\n\t\t\t\t\t\t\t\t<li class=\"elementor-icon-list-item\">\n\t\t\t\t\t\t\t\t\t\t\t<span class=\"elementor-icon-list-icon\">\n\t\t\t\t\t\t\t<svg xmlns=\"http:\/\/www.w3.org\/2000\/svg\" width=\"16\" height=\"16\" viewbox=\"0 0 16 16\"><circle id=\"Elipse_1\" data-name=\"Elipse 1\" cx=\"8\" cy=\"8\" r=\"8\" fill=\"#67e6bb\"><\/circle><\/svg>\t\t\t\t\t\t<\/span>\n\t\t\t\t\t\t\t\t\t\t<span class=\"elementor-icon-list-text\">L\u2019avantage de l\u2019immunoth\u00e9rapie r\u00e9side dans la s\u00e9curit\u00e9 de ce traitement, le seul effet secondaire significatif \u00e9tant une r\u00e9action allergique \u00e0 l\u2019immunoth\u00e9rapie elle-m\u00eame, ce qui reste tr\u00e8s rare. Elle peut donc \u00eatre utilis\u00e9e \u00e0 vie sans crainte d\u2019effets ind\u00e9sirables \u00e0 long terme. <\/span>\n\t\t\t\t\t\t\t\t\t<\/li>\n\t\t\t\t\t\t\t\t<li class=\"elementor-icon-list-item\">\n\t\t\t\t\t\t\t\t\t\t\t<span class=\"elementor-icon-list-icon\">\n\t\t\t\t\t\t\t<svg xmlns=\"http:\/\/www.w3.org\/2000\/svg\" width=\"16\" height=\"16\" viewbox=\"0 0 16 16\"><circle id=\"Elipse_1\" data-name=\"Elipse 1\" cx=\"8\" cy=\"8\" r=\"8\" fill=\"#67e6bb\"><\/circle><\/svg>\t\t\t\t\t\t<\/span>\n\t\t\t\t\t\t\t\t\t\t<span class=\"elementor-icon-list-text\">L\u2019inconv\u00e9nient de l\u2019immunoth\u00e9rapie est le temps n\u00e9cessaire avant l\u2019apparition de son efficacit\u00e9. Le d\u00e9lai moyen de r\u00e9ponse est de 4 \u00e0 6 mois, mais il peut aller jusqu\u2019\u00e0 un an. Si l\u2019immunoth\u00e9rapie s\u2019av\u00e8re efficace apr\u00e8s un an, comme pour d\u2019autres traitements, elle est g\u00e9n\u00e9ralement poursuivie \u00e0 vie pour contr\u00f4ler les allergies chez la plupart des chiens. Toutefois, un petit pourcentage de patients peut atteindre une \u00ab gu\u00e9rison \u00bb et interrompre le traitement au bout d'un certain temps. <\/span>\n\t\t\t\t\t\t\t\t\t<\/li>\n\t\t\t\t\t\t<\/ul>\n\t\t\t\t<\/div>\n\t\t\t\t<\/div>\n\t\t\t\t<\/div>\n\t\t\t\t\t<\/div>\n\t\t\t\t<\/div>\n\t\t<div class=\"elementor-element elementor-element-9adfd74 e-flex e-con-boxed e-con e-parent\" data-id=\"9adfd74\" data-element_type=\"container\">\n\t\t\t\t\t<div class=\"e-con-inner\">\n\t\t\t\t\t<\/div>\n\t\t\t\t<\/div>\n\t\t<div class=\"elementor-element elementor-element-645211b e-flex e-con-boxed e-con e-parent\" data-id=\"645211b\" data-element_type=\"container\">\n\t\t\t\t\t<div class=\"e-con-inner\">\n\t\t\t\t\t<\/div>\n\t\t\t\t<\/div>\n\t\t<div class=\"elementor-element elementor-element-b1d8827 e-flex e-con-boxed e-con e-parent\" data-id=\"b1d8827\" data-element_type=\"container\">\n\t\t\t\t\t<div class=\"e-con-inner\">\n\t\t\t\t<div class=\"elementor-element elementor-element-ddb87b1 premium-vscroll-nav-dots-yes elementor-widget elementor-widget-premium-vscroll\" data-id=\"ddb87b1\" data-element_type=\"widget\" data-widget_type=\"premium-vscroll.default\">\n\t\t\t\t<div class=\"elementor-widget-container\">\n\t\t\t\n\t\t<div class=\"premium-vscroll-wrap\" id=\"premium-vscroll-wrap-ddb87b1\" data-settings=\"{&quot;id&quot;:&quot;ddb87b1&quot;,&quot;speed&quot;:700,&quot;offset&quot;:0,&quot;tooltips&quot;:true,&quot;dotsText&quot;:[&quot;&quot;],&quot;dotsPos&quot;:&quot;right&quot;,&quot;dotsVPos&quot;:&quot;middle&quot;,&quot;fullSection&quot;:true,&quot;fullTouch&quot;:false,&quot;fullCheckOverflow&quot;:true,&quot;addToHistory&quot;:true,&quot;animation&quot;:&quot;&quot;,&quot;duration&quot;:null}\">\n\t\t\t\t\t\t<div class=\"premium-vscroll-inner\" id=\"premium-vscroll-ddb87b1\">\n\t\t\t\t<div class=\"premium-vscroll-dots premium-vscroll-dots-hide right middle circ\">\n\t\t\t\t\t<ul class=\"premium-vscroll-dots-list\">\n\t\t\t\t\t\t\t\t\t\t\t<\/ul>\n\t\t\t\t<\/div>\n\t\t\t\t\t\t\t\t\t<div class=\"premium-vscroll-sections-wrap\" id=\"premium-vscroll-sections-wrap-ddb87b1\">\n\n\t\t\t\t\t\t\t\t\t\t\t<\/div>\n\t\t\t\t\t\t\t<\/div>\n\t\t<\/div>\n\n\t\t\t\t<\/div>\n\t\t\t\t<\/div>\n\t\t\t\t\t<\/div>\n\t\t\t\t<\/div>\n\t\t<div class=\"elementor-element elementor-element-4ad5a64 e-flex e-con-boxed e-con e-parent\" data-id=\"4ad5a64\" data-element_type=\"container\">\n\t\t\t\t\t<div class=\"e-con-inner\">\n\t\t\t\t<div class=\"elementor-element elementor-element-2594bb6 premium-vscroll-nav-dots-yes elementor-widget elementor-widget-premium-vscroll\" data-id=\"2594bb6\" data-element_type=\"widget\" data-widget_type=\"premium-vscroll.default\">\n\t\t\t\t<div class=\"elementor-widget-container\">\n\t\t\t\n\t\t<div class=\"premium-vscroll-wrap\" id=\"premium-vscroll-wrap-2594bb6\" data-settings=\"{&quot;id&quot;:&quot;2594bb6&quot;,&quot;speed&quot;:700,&quot;offset&quot;:0,&quot;tooltips&quot;:true,&quot;dotsText&quot;:[&quot;&quot;],&quot;dotsPos&quot;:&quot;right&quot;,&quot;dotsVPos&quot;:&quot;top&quot;,&quot;fullSection&quot;:true,&quot;fullTouch&quot;:false,&quot;fullCheckOverflow&quot;:true,&quot;addToHistory&quot;:true,&quot;animation&quot;:&quot;&quot;,&quot;duration&quot;:null}\">\n\t\t\t\t\t\t<div class=\"premium-vscroll-inner\" id=\"premium-vscroll-2594bb6\">\n\t\t\t\t<div class=\"premium-vscroll-dots premium-vscroll-dots-hide right top lines\">\n\t\t\t\t\t<ul class=\"premium-vscroll-dots-list\">\n\t\t\t\t\t\t\t\t\t\t\t\t\t<li data-index=\"0\" data-menuanchor=\"section_2594bb60\" class=\"premium-vscroll-dot-item\">\n\t\t\t\t\t\t\t\t<div class=\"premium-vscroll-nav-link\"><span><\/span><\/div>\n\t\t\t\t\t\t\t<\/li>\n\t\t\t\t\t\t\t\t\t\t\t<\/ul>\n\t\t\t\t<\/div>\n\t\t\t\t\t\t\t\t\t<div class=\"premium-vscroll-sections-wrap\" id=\"premium-vscroll-sections-wrap-2594bb6\">\n\n\t\t\t\t\t\t\t\t\t\t\t\t\t<div id=\"section_2594bb60\" class=\"premium-vscroll-temp premium-vscroll-temp-2594bb6\">\n\t\t\t\t\t\t\t\t\t\t\t\t\t\t\t<\/div>\n\t\t\t\t\t\t\t\t\t\t\t<\/div>\n\t\t\t\t\t\t\t<\/div>\n\t\t<\/div>\n\n\t\t\t\t<\/div>\n\t\t\t\t<\/div>\n\t\t\t\t\t<\/div>\n\t\t\t\t<\/div>\n\t\t\t\t<\/div>","protected":false},"excerpt":{"rendered":"<p>Home \/ Dogs \/ Pruritus \/ Partial or No Response \/ 4 Pillars of Atopy Treatment 4 Pillars of Atopy Treatment Adjunctive Therapy Anti-inflammatory Therapy Topical Therapy Allergen-Specific Immunotherapy Allergen-Specific Immunotherapy (ASIT)12 Immunotherapy is the only treatments for allergies that can prevent the natural tendency of allergies to progress in severity and duration each year. [&hellip;]<\/p>","protected":false},"author":1,"featured_media":0,"parent":564,"menu_order":0,"comment_status":"closed","ping_status":"closed","template":"elementor_canvas","meta":{"footnotes":""},"class_list":["post-635","page","type-page","status-publish","hentry"],"_links":{"self":[{"href":"https:\/\/dechraderm.ca\/fr\/wp-json\/wp\/v2\/pages\/635","targetHints":{"allow":["GET"]}}],"collection":[{"href":"https:\/\/dechraderm.ca\/fr\/wp-json\/wp\/v2\/pages"}],"about":[{"href":"https:\/\/dechraderm.ca\/fr\/wp-json\/wp\/v2\/types\/page"}],"author":[{"embeddable":true,"href":"https:\/\/dechraderm.ca\/fr\/wp-json\/wp\/v2\/users\/1"}],"replies":[{"embeddable":true,"href":"https:\/\/dechraderm.ca\/fr\/wp-json\/wp\/v2\/comments?post=635"}],"version-history":[{"count":97,"href":"https:\/\/dechraderm.ca\/fr\/wp-json\/wp\/v2\/pages\/635\/revisions"}],"predecessor-version":[{"id":10277,"href":"https:\/\/dechraderm.ca\/fr\/wp-json\/wp\/v2\/pages\/635\/revisions\/10277"}],"up":[{"embeddable":true,"href":"https:\/\/dechraderm.ca\/fr\/wp-json\/wp\/v2\/pages\/564"}],"wp:attachment":[{"href":"https:\/\/dechraderm.ca\/fr\/wp-json\/wp\/v2\/media?parent=635"}],"curies":[{"name":"wp","href":"https:\/\/api.w.org\/{rel}","templated":true}]}}