{"id":739,"date":"2024-09-25T14:14:07","date_gmt":"2024-09-25T14:14:07","guid":{"rendered":"https:\/\/dev-dechra-derma.pantheonsite.io\/?page_id=739"},"modified":"2025-08-21T15:42:26","modified_gmt":"2025-08-21T15:42:26","slug":"trizedta","status":"publish","type":"page","link":"https:\/\/dechraderm.ca\/fr\/dogs\/skin-lesions\/cytology\/trizedta\/","title":{"rendered":"TrizEDTA"},"content":{"rendered":"<div data-elementor-type=\"wp-page\" data-elementor-id=\"739\" class=\"elementor elementor-739\" data-elementor-post-type=\"page\">\n\t\t\t\t<div class=\"elementor-element elementor-element-d81704e e-con-full e-flex e-con e-parent\" data-id=\"d81704e\" data-element_type=\"container\">\n\t\t\t\t<div class=\"elementor-element elementor-element-8a35619 e-transform elementor-widget-divider--view-line elementor-widget elementor-widget-divider\" data-id=\"8a35619\" data-element_type=\"widget\" data-settings=\"{&quot;_transform_scaleX_effect&quot;:{&quot;unit&quot;:&quot;px&quot;,&quot;size&quot;:1.2,&quot;sizes&quot;:[]},&quot;_transform_scaleX_effect_widescreen&quot;:{&quot;unit&quot;:&quot;px&quot;,&quot;size&quot;:&quot;&quot;,&quot;sizes&quot;:[]},&quot;_transform_scaleX_effect_laptop&quot;:{&quot;unit&quot;:&quot;px&quot;,&quot;size&quot;:&quot;&quot;,&quot;sizes&quot;:[]},&quot;_transform_scaleX_effect_tablet&quot;:{&quot;unit&quot;:&quot;px&quot;,&quot;size&quot;:&quot;&quot;,&quot;sizes&quot;:[]},&quot;_transform_scaleX_effect_mobile&quot;:{&quot;unit&quot;:&quot;px&quot;,&quot;size&quot;:&quot;&quot;,&quot;sizes&quot;:[]},&quot;_transform_scaleY_effect&quot;:{&quot;unit&quot;:&quot;px&quot;,&quot;size&quot;:&quot;&quot;,&quot;sizes&quot;:[]},&quot;_transform_scaleY_effect_widescreen&quot;:{&quot;unit&quot;:&quot;px&quot;,&quot;size&quot;:&quot;&quot;,&quot;sizes&quot;:[]},&quot;_transform_scaleY_effect_laptop&quot;:{&quot;unit&quot;:&quot;px&quot;,&quot;size&quot;:&quot;&quot;,&quot;sizes&quot;:[]},&quot;_transform_scaleY_effect_tablet&quot;:{&quot;unit&quot;:&quot;px&quot;,&quot;size&quot;:&quot;&quot;,&quot;sizes&quot;:[]},&quot;_transform_scaleY_effect_mobile&quot;:{&quot;unit&quot;:&quot;px&quot;,&quot;size&quot;:&quot;&quot;,&quot;sizes&quot;:[]}}\" data-widget_type=\"divider.default\">\n\t\t\t\t<div class=\"elementor-widget-container\">\n\t\t\t\t\t<div class=\"elementor-divider\">\n\t\t\t<span class=\"elementor-divider-separator\">\n\t\t\t\t\t\t<\/span>\n\t\t<\/div>\n\t\t\t\t<\/div>\n\t\t\t\t<\/div>\n\t\t\t\t<\/div>\n\t\t<div class=\"elementor-element elementor-element-6a8d72c2 e-con-full e-flex e-con e-parent\" data-id=\"6a8d72c2\" data-element_type=\"container\">\n\t\t\t\t<div class=\"elementor-element elementor-element-1d0ac801 elementor-widget__width-inherit elementor-absolute elementor-hidden-tablet elementor-hidden-mobile e-transform elementor-widget elementor-widget-image\" data-id=\"1d0ac801\" data-element_type=\"widget\" data-settings=\"{&quot;_position&quot;:&quot;absolute&quot;,&quot;_transform_translateX_effect_widescreen&quot;:{&quot;unit&quot;:&quot;px&quot;,&quot;size&quot;:-220,&quot;sizes&quot;:[]},&quot;_transform_translateY_effect_widescreen&quot;:{&quot;unit&quot;:&quot;px&quot;,&quot;size&quot;:-220,&quot;sizes&quot;:[]},&quot;_transform_translateX_effect&quot;:{&quot;unit&quot;:&quot;px&quot;,&quot;size&quot;:&quot;&quot;,&quot;sizes&quot;:[]},&quot;_transform_translateX_effect_laptop&quot;:{&quot;unit&quot;:&quot;px&quot;,&quot;size&quot;:&quot;&quot;,&quot;sizes&quot;:[]},&quot;_transform_translateX_effect_tablet&quot;:{&quot;unit&quot;:&quot;px&quot;,&quot;size&quot;:&quot;&quot;,&quot;sizes&quot;:[]},&quot;_transform_translateX_effect_mobile&quot;:{&quot;unit&quot;:&quot;px&quot;,&quot;size&quot;:&quot;&quot;,&quot;sizes&quot;:[]},&quot;_transform_translateY_effect&quot;:{&quot;unit&quot;:&quot;px&quot;,&quot;size&quot;:&quot;&quot;,&quot;sizes&quot;:[]},&quot;_transform_translateY_effect_laptop&quot;:{&quot;unit&quot;:&quot;px&quot;,&quot;size&quot;:&quot;&quot;,&quot;sizes&quot;:[]},&quot;_transform_translateY_effect_tablet&quot;:{&quot;unit&quot;:&quot;px&quot;,&quot;size&quot;:&quot;&quot;,&quot;sizes&quot;:[]},&quot;_transform_translateY_effect_mobile&quot;:{&quot;unit&quot;:&quot;px&quot;,&quot;size&quot;:&quot;&quot;,&quot;sizes&quot;:[]}}\" data-widget_type=\"image.default\">\n\t\t\t\t<div class=\"elementor-widget-container\">\n\t\t\t\t\t\t\t\t\t\t\t\t\t<img fetchpriority=\"high\" decoding=\"async\" width=\"625\" height=\"623\" src=\"https:\/\/dechraderm.ca\/wp-content\/uploads\/2024\/09\/dot-green.png\" class=\"attachment-large size-large wp-image-744\" alt=\"\" srcset=\"https:\/\/dechraderm.ca\/wp-content\/uploads\/2024\/09\/dot-green.png 625w, https:\/\/dechraderm.ca\/wp-content\/uploads\/2024\/09\/dot-green-300x300.png 300w, https:\/\/dechraderm.ca\/wp-content\/uploads\/2024\/09\/dot-green-150x150.png 150w\" sizes=\"(max-width: 625px) 100vw, 625px\" \/>\t\t\t\t\t\t\t\t\t\t\t\t\t<\/div>\n\t\t\t\t<\/div>\n\t\t\t\t<\/div>\n\t\t<div class=\"elementor-element elementor-element-23caf0ad e-flex e-con-boxed e-con e-parent\" data-id=\"23caf0ad\" data-element_type=\"container\" data-settings=\"{&quot;background_background&quot;:&quot;classic&quot;}\">\n\t\t\t\t\t<div class=\"e-con-inner\">\n\t\t<div class=\"elementor-element elementor-element-28c0af94 e-con-full e-flex e-con e-child\" data-id=\"28c0af94\" data-element_type=\"container\">\n\t\t\t\t<div class=\"elementor-element elementor-element-70ef4c68 elementor-widget elementor-widget-heading\" data-id=\"70ef4c68\" data-element_type=\"widget\" data-widget_type=\"heading.default\">\n\t\t\t\t<div class=\"elementor-widget-container\">\n\t\t\t<h2 class=\"elementor-heading-title elementor-size-default\"><a style=\"text-decoration: none;\" href=\"https:\/\/dechraderm.ca\/fr\/\">Accueil<\/a> \/ <a style=\"text-decoration: none;\" href=\"https:\/\/dechraderm.ca\/fr\/dogs\/\">Chiens<\/a> \/ <a style=\"text-decoration: none;\" href=\"https:\/\/dechraderm.ca\/fr\/dogs\/skin-lesions\/\"> L\u00e9sions Cutan\u00e9es <\/a> \/ <a style=\"text-decoration: none;\" href=\"https:\/\/dechraderm.ca\/fr\/dogs\/skin-lesions\/\">\u00c9tapes Diagnostiques de Base<\/a> \/ <a style=\"text-decoration: none;\" href=\"https:\/\/dechraderm.ca\/fr\/dogs\/skin-lesions\/cytology\/\">Cytologie<\/a> \/ <a style=\"text-decoration: none;\" href=\"https:\/\/dechraderm.ca\/fr\/dogs\/skin-lesions\/cytology\/#ear_infection\"\">Infection Auriculaire<\/a> \/ TrizEDTA<sup><font size=\"1\" >\u00ae<\/font><\/sup><\/h2>\t\t<\/div>\n\t\t\t\t<\/div>\n\t\t\t\t<div class=\"elementor-element elementor-element-7c2f9475 elementor-widget elementor-widget-heading\" data-id=\"7c2f9475\" data-element_type=\"widget\" data-widget_type=\"heading.default\">\n\t\t\t\t<div class=\"elementor-widget-container\">\n\t\t\t<h2 class=\"elementor-heading-title elementor-size-default\">TrizEDTA<sup><font size=\"5\" >\u00ae<\/font><\/sup><\/h2>\t\t<\/div>\n\t\t\t\t<\/div>\n\t\t\t\t<div class=\"elementor-element elementor-element-6a14e58 elementor-widget elementor-widget-text-editor\" data-id=\"6a14e58\" data-element_type=\"widget\" data-widget_type=\"text-editor.default\">\n\t\t\t\t<div class=\"elementor-widget-container\">\n\t\t\t\t\t\t\t<p>By itself, tris-EDTA (tris-ethylene diamine tetra-acetic acid) is bacteriostatic, but when used in combination with an antibiotic, it becomes bacteriocidal, decreasing the minimum inhibitory concentration of even multidrug-resistant antibiotics. It works by damaging the outer wall of bacteria, making the organisms more permeable, and has a synergistic effect with antibiotics and other agents like chlorhexidine.<a style=\"text-decoration: none;\" href=\"https:\/\/dev-dechra-derma.pantheonsite.io\/references\/\" target=\"_blank\" rel=\"noopener\"><sup><span style=\"font-size: xx-small;\">3,6<\/span><\/sup><\/a> Le tris-EDTA est \u00e9galement un agent antibiofilm et peut aider \u00e0 surmonter la r\u00e9sistance induite par la r\u00e9gulation des pompes d'efflux de <em>Pseudomonas<\/em> spp.<a style=\"text-decoration: none;\" href=\"https:\/\/dev-dechra-derma.pantheonsite.io\/references\/\" target=\"_blank\" rel=\"noopener\"><sup><span style=\"font-size: xx-small;\">3,5<\/span><\/sup><\/a><\/p>\t\t\t\t\t\t<\/div>\n\t\t\t\t<\/div>\n\t\t\t\t<div class=\"elementor-element elementor-element-eb8f0df elementor-icon-list--layout-traditional elementor-list-item-link-full_width elementor-widget elementor-widget-icon-list\" data-id=\"eb8f0df\" data-element_type=\"widget\" data-widget_type=\"icon-list.default\">\n\t\t\t\t<div class=\"elementor-widget-container\">\n\t\t\t\t\t<ul class=\"elementor-icon-list-items\">\n\t\t\t\t\t\t\t<li class=\"elementor-icon-list-item\">\n\t\t\t\t\t\t\t\t\t\t\t<span class=\"elementor-icon-list-icon\">\n\t\t\t\t\t\t\t<svg xmlns=\"http:\/\/www.w3.org\/2000\/svg\" xmlns:xlink=\"http:\/\/www.w3.org\/1999\/xlink\" width=\"8.577\" height=\"17.156\" viewbox=\"0 0 8.577 17.156\"><defs><clippath id=\"clip-path\"><path id=\"Caminho_25\" data-name=\"Caminho 25\" d=\"M0,8.843H8.577V-8.313H0Z\" transform=\"translate(0 8.313)\" fill=\"none\"><\/path><\/clippath><\/defs><g id=\"Grupo_91\" data-name=\"Grupo 91\" transform=\"translate(0 8.313)\"><g id=\"Grupo_90\" data-name=\"Grupo 90\" transform=\"translate(0 -8.313)\" clip-path=\"url(#clip-path)\"><g id=\"Grupo_89\" data-name=\"Grupo 89\" transform=\"translate(0 1.548)\"><path id=\"Caminho_24\" data-name=\"Caminho 24\" d=\"M0,7.248A7.03,7.03,0,0,0,7.029.218,7.03,7.03,0,0,0,0-6.813\" transform=\"translate(0 6.813)\" fill=\"#fff\" stroke=\"#00808d\" stroke-width=\"3\"><\/path><\/g><\/g><\/g><\/svg>\t\t\t\t\t\t<\/span>\n\t\t\t\t\t\t\t\t\t\t<span class=\"elementor-icon-list-text\">Le nettoyage\/rin\u00e7age de l'oreille permet d'\u00e9liminer les d\u00e9bris, les mati\u00e8res purulentes ou les infections secondaires dans le conduit auditif externe.<\/span>\n\t\t\t\t\t\t\t\t\t<\/li>\n\t\t\t\t\t\t\t\t<li class=\"elementor-icon-list-item\">\n\t\t\t\t\t\t\t\t\t\t\t<span class=\"elementor-icon-list-icon\">\n\t\t\t\t\t\t\t<svg xmlns=\"http:\/\/www.w3.org\/2000\/svg\" xmlns:xlink=\"http:\/\/www.w3.org\/1999\/xlink\" width=\"8.577\" height=\"17.156\" viewbox=\"0 0 8.577 17.156\"><defs><clippath id=\"clip-path\"><path id=\"Caminho_25\" data-name=\"Caminho 25\" d=\"M0,8.843H8.577V-8.313H0Z\" transform=\"translate(0 8.313)\" fill=\"none\"><\/path><\/clippath><\/defs><g id=\"Grupo_91\" data-name=\"Grupo 91\" transform=\"translate(0 8.313)\"><g id=\"Grupo_90\" data-name=\"Grupo 90\" transform=\"translate(0 -8.313)\" clip-path=\"url(#clip-path)\"><g id=\"Grupo_89\" data-name=\"Grupo 89\" transform=\"translate(0 1.548)\"><path id=\"Caminho_24\" data-name=\"Caminho 24\" d=\"M0,7.248A7.03,7.03,0,0,0,7.029.218,7.03,7.03,0,0,0,0-6.813\" transform=\"translate(0 6.813)\" fill=\"#fff\" stroke=\"#00808d\" stroke-width=\"3\"><\/path><\/g><\/g><\/g><\/svg>\t\t\t\t\t\t<\/span>\n\t\t\t\t\t\t\t\t\t\t<span class=\"elementor-icon-list-text\">Envisager un rin\u00e7age du conduit auditif sous anesth\u00e9sie g\u00e9n\u00e9rale \u00e0 l'h\u00f4pital si le propri\u00e9taire de l'animal n'est pas en mesure de nettoyer les oreilles \u00e0 la maison, car certains antimicrobiens topiques, tels que les aminoglycosides, sont inactiv\u00e9s par les mati\u00e8res purulentes.<\/span>\n\t\t\t\t\t\t\t\t\t<\/li>\n\t\t\t\t\t\t\t\t<li class=\"elementor-icon-list-item\">\n\t\t\t\t\t\t\t\t\t\t\t<span class=\"elementor-icon-list-icon\">\n\t\t\t\t\t\t\t<svg xmlns=\"http:\/\/www.w3.org\/2000\/svg\" xmlns:xlink=\"http:\/\/www.w3.org\/1999\/xlink\" width=\"8.577\" height=\"17.156\" viewbox=\"0 0 8.577 17.156\"><defs><clippath id=\"clip-path\"><path id=\"Caminho_25\" data-name=\"Caminho 25\" d=\"M0,8.843H8.577V-8.313H0Z\" transform=\"translate(0 8.313)\" fill=\"none\"><\/path><\/clippath><\/defs><g id=\"Grupo_91\" data-name=\"Grupo 91\" transform=\"translate(0 8.313)\"><g id=\"Grupo_90\" data-name=\"Grupo 90\" transform=\"translate(0 -8.313)\" clip-path=\"url(#clip-path)\"><g id=\"Grupo_89\" data-name=\"Grupo 89\" transform=\"translate(0 1.548)\"><path id=\"Caminho_24\" data-name=\"Caminho 24\" d=\"M0,7.248A7.03,7.03,0,0,0,7.029.218,7.03,7.03,0,0,0,0-6.813\" transform=\"translate(0 6.813)\" fill=\"#fff\" stroke=\"#00808d\" stroke-width=\"3\"><\/path><\/g><\/g><\/g><\/svg>\t\t\t\t\t\t<\/span>\n\t\t\t\t\t\t\t\t\t\t<span class=\"elementor-icon-list-text\">Le nettoyage avec TrizEDTA doit \u00eatre effectu\u00e9 15 \u00e0 30 minutes avant l'application d'antimicrobiens topiques et ne semble pas \u00eatre ototoxique.<\/span>\n\t\t\t\t\t\t\t\t\t<\/li>\n\t\t\t\t\t\t<\/ul>\n\t\t\t\t<\/div>\n\t\t\t\t<\/div>\n\t\t\t\t<div class=\"elementor-element elementor-element-95a71aa elementor-widget elementor-widget-image\" data-id=\"95a71aa\" data-element_type=\"widget\" data-widget_type=\"image.default\">\n\t\t\t\t<div class=\"elementor-widget-container\">\n\t\t\t\t\t\t\t\t\t\t\t\t\t<img decoding=\"async\" width=\"427\" height=\"418\" src=\"https:\/\/dechraderm.ca\/wp-content\/uploads\/2024\/10\/figure-TrizEDTA-new-e1755795573122.png\" class=\"attachment-large size-large wp-image-7755\" alt=\"\" srcset=\"https:\/\/dechraderm.ca\/wp-content\/uploads\/2024\/10\/figure-TrizEDTA-new-e1755795573122.png 427w, https:\/\/dechraderm.ca\/wp-content\/uploads\/2024\/10\/figure-TrizEDTA-new-e1755795573122-300x294.png 300w, https:\/\/dechraderm.ca\/wp-content\/uploads\/2024\/10\/figure-TrizEDTA-new-e1755795573122-12x12.png 12w\" sizes=\"(max-width: 427px) 100vw, 427px\" \/>\t\t\t\t\t\t\t\t\t\t\t\t\t<\/div>\n\t\t\t\t<\/div>\n\t\t\t\t<div class=\"elementor-element elementor-element-f339211 elementor-widget elementor-widget-text-editor\" data-id=\"f339211\" data-element_type=\"widget\" data-widget_type=\"text-editor.default\">\n\t\t\t\t<div class=\"elementor-widget-container\">\n\t\t\t\t\t\t\t<p><strong>Illustration<\/strong>. Illustration de la technologie du TrizEDTA de Dechra. Le tris-EDTA aide \u00e0 perforer la paroi cellulaire. Cette action sur l'agent pathog\u00e8ne amplifie le pouvoir antimicrobien.<a style=\"text-decoration: none;\" href=\"https:\/\/dev-dechra-derma.pantheonsite.io\/references\/\" target=\"_blank\" rel=\"noopener\"><sup><span style=\"font-size: xx-small;\">3,6<\/span><\/sup><\/a><\/p>\t\t\t\t\t\t<\/div>\n\t\t\t\t<\/div>\n\t\t\t\t<\/div>\n\t\t<div class=\"elementor-element elementor-element-ea6e54a e-con-full e-flex e-con e-child\" data-id=\"ea6e54a\" data-element_type=\"container\">\n\t\t\t\t<div class=\"elementor-element elementor-element-618650f6 e-transform e-transform elementor-widget elementor-widget-image\" data-id=\"618650f6\" data-element_type=\"widget\" data-settings=\"{&quot;_transform_translateY_effect_widescreen&quot;:{&quot;unit&quot;:&quot;px&quot;,&quot;size&quot;:-55,&quot;sizes&quot;:[]},&quot;_transform_scale_effect_widescreen&quot;:{&quot;unit&quot;:&quot;px&quot;,&quot;size&quot;:0.9,&quot;sizes&quot;:[]},&quot;_transform_translateX_effect&quot;:{&quot;unit&quot;:&quot;px&quot;,&quot;size&quot;:&quot;&quot;,&quot;sizes&quot;:[]},&quot;_transform_translateX_effect_widescreen&quot;:{&quot;unit&quot;:&quot;px&quot;,&quot;size&quot;:&quot;&quot;,&quot;sizes&quot;:[]},&quot;_transform_translateX_effect_laptop&quot;:{&quot;unit&quot;:&quot;px&quot;,&quot;size&quot;:&quot;&quot;,&quot;sizes&quot;:[]},&quot;_transform_translateX_effect_tablet&quot;:{&quot;unit&quot;:&quot;px&quot;,&quot;size&quot;:&quot;&quot;,&quot;sizes&quot;:[]},&quot;_transform_translateX_effect_mobile&quot;:{&quot;unit&quot;:&quot;px&quot;,&quot;size&quot;:&quot;&quot;,&quot;sizes&quot;:[]},&quot;_transform_translateY_effect&quot;:{&quot;unit&quot;:&quot;px&quot;,&quot;size&quot;:&quot;&quot;,&quot;sizes&quot;:[]},&quot;_transform_translateY_effect_laptop&quot;:{&quot;unit&quot;:&quot;px&quot;,&quot;size&quot;:&quot;&quot;,&quot;sizes&quot;:[]},&quot;_transform_translateY_effect_tablet&quot;:{&quot;unit&quot;:&quot;px&quot;,&quot;size&quot;:&quot;&quot;,&quot;sizes&quot;:[]},&quot;_transform_translateY_effect_mobile&quot;:{&quot;unit&quot;:&quot;px&quot;,&quot;size&quot;:&quot;&quot;,&quot;sizes&quot;:[]},&quot;_transform_scale_effect&quot;:{&quot;unit&quot;:&quot;px&quot;,&quot;size&quot;:&quot;&quot;,&quot;sizes&quot;:[]},&quot;_transform_scale_effect_laptop&quot;:{&quot;unit&quot;:&quot;px&quot;,&quot;size&quot;:&quot;&quot;,&quot;sizes&quot;:[]},&quot;_transform_scale_effect_tablet&quot;:{&quot;unit&quot;:&quot;px&quot;,&quot;size&quot;:&quot;&quot;,&quot;sizes&quot;:[]},&quot;_transform_scale_effect_mobile&quot;:{&quot;unit&quot;:&quot;px&quot;,&quot;size&quot;:&quot;&quot;,&quot;sizes&quot;:[]}}\" data-widget_type=\"image.default\">\n\t\t\t\t<div class=\"elementor-widget-container\">\n\t\t\t\t\t\t\t\t\t\t\t\t\t<img decoding=\"async\" width=\"521\" height=\"601\" src=\"https:\/\/dechraderm.ca\/wp-content\/uploads\/2024\/12\/TrizEDTA-nova-final.png\" class=\"attachment-large size-large wp-image-9774\" alt=\"\" srcset=\"https:\/\/dechraderm.ca\/wp-content\/uploads\/2024\/12\/TrizEDTA-nova-final.png 521w, https:\/\/dechraderm.ca\/wp-content\/uploads\/2024\/12\/TrizEDTA-nova-final-260x300.png 260w, https:\/\/dechraderm.ca\/wp-content\/uploads\/2024\/12\/TrizEDTA-nova-final-10x12.png 10w\" sizes=\"(max-width: 521px) 100vw, 521px\" \/>\t\t\t\t\t\t\t\t\t\t\t\t\t<\/div>\n\t\t\t\t<\/div>\n\t\t\t\t<\/div>\n\t\t\t\t\t<\/div>\n\t\t\t\t<\/div>\n\t\t<div class=\"elementor-element elementor-element-1709e5fd e-transform e-flex e-con-boxed e-con e-parent\" data-id=\"1709e5fd\" data-element_type=\"container\" data-settings=\"{&quot;_transform_translateY_effect_mobile&quot;:{&quot;unit&quot;:&quot;px&quot;,&quot;size&quot;:144,&quot;sizes&quot;:[]},&quot;_transform_translateY_effect&quot;:{&quot;unit&quot;:&quot;px&quot;,&quot;size&quot;:-49,&quot;sizes&quot;:[]},&quot;_transform_translateX_effect&quot;:{&quot;unit&quot;:&quot;px&quot;,&quot;size&quot;:&quot;&quot;,&quot;sizes&quot;:[]},&quot;_transform_translateX_effect_widescreen&quot;:{&quot;unit&quot;:&quot;px&quot;,&quot;size&quot;:&quot;&quot;,&quot;sizes&quot;:[]},&quot;_transform_translateX_effect_laptop&quot;:{&quot;unit&quot;:&quot;px&quot;,&quot;size&quot;:&quot;&quot;,&quot;sizes&quot;:[]},&quot;_transform_translateX_effect_tablet&quot;:{&quot;unit&quot;:&quot;px&quot;,&quot;size&quot;:&quot;&quot;,&quot;sizes&quot;:[]},&quot;_transform_translateX_effect_mobile&quot;:{&quot;unit&quot;:&quot;px&quot;,&quot;size&quot;:&quot;&quot;,&quot;sizes&quot;:[]},&quot;_transform_translateY_effect_widescreen&quot;:{&quot;unit&quot;:&quot;px&quot;,&quot;size&quot;:&quot;&quot;,&quot;sizes&quot;:[]},&quot;_transform_translateY_effect_laptop&quot;:{&quot;unit&quot;:&quot;px&quot;,&quot;size&quot;:&quot;&quot;,&quot;sizes&quot;:[]},&quot;_transform_translateY_effect_tablet&quot;:{&quot;unit&quot;:&quot;px&quot;,&quot;size&quot;:&quot;&quot;,&quot;sizes&quot;:[]}}\">\n\t\t\t\t\t<div class=\"e-con-inner\">\n\t\t\t\t<div class=\"elementor-element elementor-element-63855463 elementor-widget elementor-widget-spacer\" data-id=\"63855463\" data-element_type=\"widget\" data-widget_type=\"spacer.default\">\n\t\t\t\t<div class=\"elementor-widget-container\">\n\t\t\t\t\t<div class=\"elementor-spacer\">\n\t\t\t<div class=\"elementor-spacer-inner\"><\/div>\n\t\t<\/div>\n\t\t\t\t<\/div>\n\t\t\t\t<\/div>\n\t\t\t\t<div class=\"elementor-element elementor-element-623a071e elementor-align-center elementor-widget elementor-widget-button\" data-id=\"623a071e\" data-element_type=\"widget\" data-widget_type=\"button.default\">\n\t\t\t\t<div class=\"elementor-widget-container\">\n\t\t\t\t\t<div class=\"elementor-button-wrapper\">\n\t\t\t<a class=\"elementor-button elementor-button-link elementor-size-sm\" href=\"https:\/\/dechraderm.ca\/fr\/dogs\/skin-lesions\/cytology\/#ear_infection\">\n\t\t\t\t\t\t<span class=\"elementor-button-content-wrapper\">\n\t\t\t\t\t\t\t\t\t<span class=\"elementor-button-text\">Voir d\u2019autres options th\u00e9rapeutiques<\/span>\n\t\t\t\t\t<\/span>\n\t\t\t\t\t<\/a>\n\t\t<\/div>\n\t\t\t\t<\/div>\n\t\t\t\t<\/div>\n\t\t\t\t\t<\/div>\n\t\t\t\t<\/div>\n\t\t\t\t<\/div>","protected":false},"excerpt":{"rendered":"<p>Home \/ Dogs \/ Skin Lesions \/ Dermatologic Database \/ Cytology \/<\/p>","protected":false},"author":1,"featured_media":0,"parent":201,"menu_order":0,"comment_status":"closed","ping_status":"closed","template":"elementor_canvas","meta":{"footnotes":""},"class_list":["post-739","page","type-page","status-publish","hentry"],"_links":{"self":[{"href":"https:\/\/dechraderm.ca\/fr\/wp-json\/wp\/v2\/pages\/739","targetHints":{"allow":["GET"]}}],"collection":[{"href":"https:\/\/dechraderm.ca\/fr\/wp-json\/wp\/v2\/pages"}],"about":[{"href":"https:\/\/dechraderm.ca\/fr\/wp-json\/wp\/v2\/types\/page"}],"author":[{"embeddable":true,"href":"https:\/\/dechraderm.ca\/fr\/wp-json\/wp\/v2\/users\/1"}],"replies":[{"embeddable":true,"href":"https:\/\/dechraderm.ca\/fr\/wp-json\/wp\/v2\/comments?post=739"}],"version-history":[{"count":114,"href":"https:\/\/dechraderm.ca\/fr\/wp-json\/wp\/v2\/pages\/739\/revisions"}],"predecessor-version":[{"id":10182,"href":"https:\/\/dechraderm.ca\/fr\/wp-json\/wp\/v2\/pages\/739\/revisions\/10182"}],"up":[{"embeddable":true,"href":"https:\/\/dechraderm.ca\/fr\/wp-json\/wp\/v2\/pages\/201"}],"wp:attachment":[{"href":"https:\/\/dechraderm.ca\/fr\/wp-json\/wp\/v2\/media?parent=739"}],"curies":[{"name":"wp","href":"https:\/\/api.w.org\/{rel}","templated":true}]}}