{"id":790,"date":"2024-09-25T17:20:37","date_gmt":"2024-09-25T17:20:37","guid":{"rendered":"https:\/\/dev-dechra-derma.pantheonsite.io\/?page_id=790"},"modified":"2025-08-21T15:58:18","modified_gmt":"2025-08-21T15:58:18","slug":"isaderm","status":"publish","type":"page","link":"https:\/\/dechraderm.ca\/fr\/dogs\/skin-lesions\/cytology\/isaderm\/","title":{"rendered":"Isaderm"},"content":{"rendered":"<div data-elementor-type=\"wp-page\" data-elementor-id=\"790\" class=\"elementor elementor-790\" data-elementor-post-type=\"page\">\n\t\t\t\t<div class=\"elementor-element elementor-element-e91c255 e-con-full e-flex e-con e-parent\" data-id=\"e91c255\" data-element_type=\"container\">\n\t\t\t\t<div class=\"elementor-element elementor-element-6f53b71 e-transform elementor-widget-divider--view-line elementor-widget elementor-widget-divider\" data-id=\"6f53b71\" data-element_type=\"widget\" data-settings=\"{&quot;_transform_scaleX_effect&quot;:{&quot;unit&quot;:&quot;px&quot;,&quot;size&quot;:1.2,&quot;sizes&quot;:[]},&quot;_transform_scaleX_effect_widescreen&quot;:{&quot;unit&quot;:&quot;px&quot;,&quot;size&quot;:&quot;&quot;,&quot;sizes&quot;:[]},&quot;_transform_scaleX_effect_laptop&quot;:{&quot;unit&quot;:&quot;px&quot;,&quot;size&quot;:&quot;&quot;,&quot;sizes&quot;:[]},&quot;_transform_scaleX_effect_tablet&quot;:{&quot;unit&quot;:&quot;px&quot;,&quot;size&quot;:&quot;&quot;,&quot;sizes&quot;:[]},&quot;_transform_scaleX_effect_mobile&quot;:{&quot;unit&quot;:&quot;px&quot;,&quot;size&quot;:&quot;&quot;,&quot;sizes&quot;:[]},&quot;_transform_scaleY_effect&quot;:{&quot;unit&quot;:&quot;px&quot;,&quot;size&quot;:&quot;&quot;,&quot;sizes&quot;:[]},&quot;_transform_scaleY_effect_widescreen&quot;:{&quot;unit&quot;:&quot;px&quot;,&quot;size&quot;:&quot;&quot;,&quot;sizes&quot;:[]},&quot;_transform_scaleY_effect_laptop&quot;:{&quot;unit&quot;:&quot;px&quot;,&quot;size&quot;:&quot;&quot;,&quot;sizes&quot;:[]},&quot;_transform_scaleY_effect_tablet&quot;:{&quot;unit&quot;:&quot;px&quot;,&quot;size&quot;:&quot;&quot;,&quot;sizes&quot;:[]},&quot;_transform_scaleY_effect_mobile&quot;:{&quot;unit&quot;:&quot;px&quot;,&quot;size&quot;:&quot;&quot;,&quot;sizes&quot;:[]}}\" data-widget_type=\"divider.default\">\n\t\t\t\t<div class=\"elementor-widget-container\">\n\t\t\t\t\t<div class=\"elementor-divider\">\n\t\t\t<span class=\"elementor-divider-separator\">\n\t\t\t\t\t\t<\/span>\n\t\t<\/div>\n\t\t\t\t<\/div>\n\t\t\t\t<\/div>\n\t\t\t\t<\/div>\n\t\t<div class=\"elementor-element elementor-element-18118d0 e-con-full e-flex e-con e-parent\" data-id=\"18118d0\" data-element_type=\"container\">\n\t\t\t\t<div class=\"elementor-element elementor-element-f09fa4c elementor-widget__width-inherit elementor-absolute elementor-hidden-tablet elementor-hidden-mobile e-transform elementor-widget elementor-widget-image\" data-id=\"f09fa4c\" data-element_type=\"widget\" data-settings=\"{&quot;_position&quot;:&quot;absolute&quot;,&quot;_transform_translateX_effect&quot;:{&quot;unit&quot;:&quot;px&quot;,&quot;size&quot;:-37,&quot;sizes&quot;:[]},&quot;_transform_translateX_effect_widescreen&quot;:{&quot;unit&quot;:&quot;px&quot;,&quot;size&quot;:-238,&quot;sizes&quot;:[]},&quot;_transform_translateY_effect&quot;:{&quot;unit&quot;:&quot;px&quot;,&quot;size&quot;:-37,&quot;sizes&quot;:[]},&quot;_transform_translateY_effect_widescreen&quot;:{&quot;unit&quot;:&quot;px&quot;,&quot;size&quot;:-311,&quot;sizes&quot;:[]},&quot;_transform_translateX_effect_laptop&quot;:{&quot;unit&quot;:&quot;px&quot;,&quot;size&quot;:&quot;&quot;,&quot;sizes&quot;:[]},&quot;_transform_translateX_effect_tablet&quot;:{&quot;unit&quot;:&quot;px&quot;,&quot;size&quot;:&quot;&quot;,&quot;sizes&quot;:[]},&quot;_transform_translateX_effect_mobile&quot;:{&quot;unit&quot;:&quot;px&quot;,&quot;size&quot;:&quot;&quot;,&quot;sizes&quot;:[]},&quot;_transform_translateY_effect_laptop&quot;:{&quot;unit&quot;:&quot;px&quot;,&quot;size&quot;:&quot;&quot;,&quot;sizes&quot;:[]},&quot;_transform_translateY_effect_tablet&quot;:{&quot;unit&quot;:&quot;px&quot;,&quot;size&quot;:&quot;&quot;,&quot;sizes&quot;:[]},&quot;_transform_translateY_effect_mobile&quot;:{&quot;unit&quot;:&quot;px&quot;,&quot;size&quot;:&quot;&quot;,&quot;sizes&quot;:[]}}\" data-widget_type=\"image.default\">\n\t\t\t\t<div class=\"elementor-widget-container\">\n\t\t\t\t\t\t\t\t\t\t\t\t\t<img fetchpriority=\"high\" decoding=\"async\" width=\"625\" height=\"623\" src=\"https:\/\/dechraderm.ca\/wp-content\/uploads\/2024\/09\/dot-red2.png\" class=\"attachment-large size-large wp-image-793\" alt=\"\" srcset=\"https:\/\/dechraderm.ca\/wp-content\/uploads\/2024\/09\/dot-red2.png 625w, https:\/\/dechraderm.ca\/wp-content\/uploads\/2024\/09\/dot-red2-300x300.png 300w, https:\/\/dechraderm.ca\/wp-content\/uploads\/2024\/09\/dot-red2-150x150.png 150w\" sizes=\"(max-width: 625px) 100vw, 625px\" \/>\t\t\t\t\t\t\t\t\t\t\t\t\t<\/div>\n\t\t\t\t<\/div>\n\t\t\t\t<\/div>\n\t\t<div class=\"elementor-element elementor-element-6d185a4 e-flex e-con-boxed e-con e-parent\" data-id=\"6d185a4\" data-element_type=\"container\" data-settings=\"{&quot;background_background&quot;:&quot;classic&quot;}\">\n\t\t\t\t\t<div class=\"e-con-inner\">\n\t\t<div class=\"elementor-element elementor-element-2ae5f4a e-con-full e-flex e-con e-child\" data-id=\"2ae5f4a\" data-element_type=\"container\">\n\t\t\t\t<div class=\"elementor-element elementor-element-32ce17e5 elementor-widget elementor-widget-heading\" data-id=\"32ce17e5\" data-element_type=\"widget\" data-widget_type=\"heading.default\">\n\t\t\t\t<div class=\"elementor-widget-container\">\n\t\t\t<h2 class=\"elementor-heading-title elementor-size-default\"><a style=\"text-decoration: none;\" href=\"https:\/\/dechraderm.ca\/fr\/\">Accueil<\/a> \/ <a style=\"text-decoration: none;\" href=\"https:\/\/dechraderm.ca\/fr\/dogs\/\">Chiens<\/a> \/ <a style=\"text-decoration: none;\" href=\"https:\/\/dechraderm.ca\/fr\/dogs\/skin-lesions\/\"> L\u00e9sions Cutan\u00e9es <\/a> \/ <a style=\"text-decoration: none;\" href=\"https:\/\/dechraderm.ca\/fr\/dogs\/skin-lesions\/\">\u00c9tapes Diagnostiques de Base<\/a> \/ <a style=\"text-decoration: none;\" href=\"https:\/\/dechraderm.ca\/fr\/dogs\/skin-lesions\/cytology\/\">Cytologie<\/a> \/ <a style=\"text-decoration: none;\" href=\"https:\/\/dechraderm.ca\/fr\/dogs\/skin-lesions\/cytology\/#skin_infection\">Infection Cutan\u00e9e<\/a> \/ Isaderm<sup><font size=\"1\" >\u00ae<\/font><\/sup><\/h2>\t\t<\/div>\n\t\t\t\t<\/div>\n\t\t\t\t<div class=\"elementor-element elementor-element-72b42ea4 elementor-widget elementor-widget-heading\" data-id=\"72b42ea4\" data-element_type=\"widget\" data-widget_type=\"heading.default\">\n\t\t\t\t<div class=\"elementor-widget-container\">\n\t\t\t<h2 class=\"elementor-heading-title elementor-size-default\">Isaderm<sup><font size=\"4\" >\u00ae<\/font><\/sup> <\/h2>\t\t<\/div>\n\t\t\t\t<\/div>\n\t\t\t\t<div class=\"elementor-element elementor-element-2f99918 elementor-icon-list--layout-traditional elementor-list-item-link-full_width elementor-widget elementor-widget-icon-list\" data-id=\"2f99918\" data-element_type=\"widget\" data-widget_type=\"icon-list.default\">\n\t\t\t\t<div class=\"elementor-widget-container\">\n\t\t\t\t\t<ul class=\"elementor-icon-list-items\">\n\t\t\t\t\t\t\t<li class=\"elementor-icon-list-item\">\n\t\t\t\t\t\t\t\t\t\t\t<span class=\"elementor-icon-list-icon\">\n\t\t\t\t\t\t\t<svg xmlns=\"http:\/\/www.w3.org\/2000\/svg\" xmlns:xlink=\"http:\/\/www.w3.org\/1999\/xlink\" width=\"8.577\" height=\"17.156\" viewbox=\"0 0 8.577 17.156\"><defs><clippath id=\"clip-path\"><path id=\"Caminho_25\" data-name=\"Caminho 25\" d=\"M0,8.843H8.577V-8.313H0Z\" transform=\"translate(0 8.313)\" fill=\"none\"><\/path><\/clippath><\/defs><g id=\"Grupo_91\" data-name=\"Grupo 91\" transform=\"translate(0 8.313)\"><g id=\"Grupo_90\" data-name=\"Grupo 90\" transform=\"translate(0 -8.313)\" clip-path=\"url(#clip-path)\"><g id=\"Grupo_89\" data-name=\"Grupo 89\" transform=\"translate(0 1.548)\"><path id=\"Caminho_24\" data-name=\"Caminho 24\" d=\"M0,7.248A7.03,7.03,0,0,0,7.029.218,7.03,7.03,0,0,0,0-6.813\" transform=\"translate(0 6.813)\" fill=\"#fff\" stroke=\"#ff4227\" stroke-width=\"3\"><\/path><\/g><\/g><\/g><\/svg>\t\t\t\t\t\t<\/span>\n\t\t\t\t\t\t\t\t\t\t<span class=\"elementor-icon-list-text\">Isaderm est un traitement topique de la pyodermite superficielle chez le chien, contenant de l'acide fusidique, du gel de carbom\u00e8re et de la betam\u00e9thasone.<\/span>\n\t\t\t\t\t\t\t\t\t<\/li>\n\t\t\t\t\t\t\t\t<li class=\"elementor-icon-list-item\">\n\t\t\t\t\t\t\t\t\t\t\t<span class=\"elementor-icon-list-icon\">\n\t\t\t\t\t\t\t<svg xmlns=\"http:\/\/www.w3.org\/2000\/svg\" xmlns:xlink=\"http:\/\/www.w3.org\/1999\/xlink\" width=\"8.577\" height=\"17.156\" viewbox=\"0 0 8.577 17.156\"><defs><clippath id=\"clip-path\"><path id=\"Caminho_25\" data-name=\"Caminho 25\" d=\"M0,8.843H8.577V-8.313H0Z\" transform=\"translate(0 8.313)\" fill=\"none\"><\/path><\/clippath><\/defs><g id=\"Grupo_91\" data-name=\"Grupo 91\" transform=\"translate(0 8.313)\"><g id=\"Grupo_90\" data-name=\"Grupo 90\" transform=\"translate(0 -8.313)\" clip-path=\"url(#clip-path)\"><g id=\"Grupo_89\" data-name=\"Grupo 89\" transform=\"translate(0 1.548)\"><path id=\"Caminho_24\" data-name=\"Caminho 24\" d=\"M0,7.248A7.03,7.03,0,0,0,7.029.218,7.03,7.03,0,0,0,0-6.813\" transform=\"translate(0 6.813)\" fill=\"#fff\" stroke=\"#ff4227\" stroke-width=\"3\"><\/path><\/g><\/g><\/g><\/svg>\t\t\t\t\t\t<\/span>\n\t\t\t\t\t\t\t\t\t\t<span class=\"elementor-icon-list-text\">Le spectre \u00e9troit de l'acide fusidique permet de cibler les bact\u00e9ries les plus courantes de la pyodermite canine, sans favoriser la r\u00e9sistance chez d'autres pathog\u00e8nes, gr\u00e2ce \u00e0 une pression de s\u00e9lection limit\u00e9e.<\/span>\n\t\t\t\t\t\t\t\t\t<\/li>\n\t\t\t\t\t\t\t\t<li class=\"elementor-icon-list-item\">\n\t\t\t\t\t\t\t\t\t\t\t<span class=\"elementor-icon-list-icon\">\n\t\t\t\t\t\t\t<svg xmlns=\"http:\/\/www.w3.org\/2000\/svg\" xmlns:xlink=\"http:\/\/www.w3.org\/1999\/xlink\" width=\"8.577\" height=\"17.156\" viewbox=\"0 0 8.577 17.156\"><defs><clippath id=\"clip-path\"><path id=\"Caminho_25\" data-name=\"Caminho 25\" d=\"M0,8.843H8.577V-8.313H0Z\" transform=\"translate(0 8.313)\" fill=\"none\"><\/path><\/clippath><\/defs><g id=\"Grupo_91\" data-name=\"Grupo 91\" transform=\"translate(0 8.313)\"><g id=\"Grupo_90\" data-name=\"Grupo 90\" transform=\"translate(0 -8.313)\" clip-path=\"url(#clip-path)\"><g id=\"Grupo_89\" data-name=\"Grupo 89\" transform=\"translate(0 1.548)\"><path id=\"Caminho_24\" data-name=\"Caminho 24\" d=\"M0,7.248A7.03,7.03,0,0,0,7.029.218,7.03,7.03,0,0,0,0-6.813\" transform=\"translate(0 6.813)\" fill=\"#fff\" stroke=\"#ff4227\" stroke-width=\"3\"><\/path><\/g><\/g><\/g><\/svg>\t\t\t\t\t\t<\/span>\n\t\t\t\t\t\t\t\t\t\t<span class=\"elementor-icon-list-text\">Son spectre \u00e9troit lui permet d'agir contre des esp\u00e8ces sp\u00e9cifiques et de ne pas g\u00e9n\u00e9rer de r\u00e9sistance chez d'autres pathog\u00e8nes en raison d'une pression de s\u00e9lection restreinte.<\/span>\n\t\t\t\t\t\t\t\t\t<\/li>\n\t\t\t\t\t\t\t\t<li class=\"elementor-icon-list-item\">\n\t\t\t\t\t\t\t\t\t\t\t<span class=\"elementor-icon-list-icon\">\n\t\t\t\t\t\t\t<svg xmlns=\"http:\/\/www.w3.org\/2000\/svg\" xmlns:xlink=\"http:\/\/www.w3.org\/1999\/xlink\" width=\"8.577\" height=\"17.156\" viewbox=\"0 0 8.577 17.156\"><defs><clippath id=\"clip-path\"><path id=\"Caminho_25\" data-name=\"Caminho 25\" d=\"M0,8.843H8.577V-8.313H0Z\" transform=\"translate(0 8.313)\" fill=\"none\"><\/path><\/clippath><\/defs><g id=\"Grupo_91\" data-name=\"Grupo 91\" transform=\"translate(0 8.313)\"><g id=\"Grupo_90\" data-name=\"Grupo 90\" transform=\"translate(0 -8.313)\" clip-path=\"url(#clip-path)\"><g id=\"Grupo_89\" data-name=\"Grupo 89\" transform=\"translate(0 1.548)\"><path id=\"Caminho_24\" data-name=\"Caminho 24\" d=\"M0,7.248A7.03,7.03,0,0,0,7.029.218,7.03,7.03,0,0,0,0-6.813\" transform=\"translate(0 6.813)\" fill=\"#fff\" stroke=\"#ff4227\" stroke-width=\"3\"><\/path><\/g><\/g><\/g><\/svg>\t\t\t\t\t\t<\/span>\n\t\t\t\t\t\t\t\t\t\t<span class=\"elementor-icon-list-text\">Gr\u00e2ce \u00e0 son m\u00e9canisme d'action unique, l'acide fusidique pr\u00e9sente peu de r\u00e9sistance crois\u00e9e avec d'autres antibiotiques.<\/span>\n\t\t\t\t\t\t\t\t\t<\/li>\n\t\t\t\t\t\t\t\t<li class=\"elementor-icon-list-item\">\n\t\t\t\t\t\t\t\t\t\t\t<span class=\"elementor-icon-list-icon\">\n\t\t\t\t\t\t\t<svg xmlns=\"http:\/\/www.w3.org\/2000\/svg\" xmlns:xlink=\"http:\/\/www.w3.org\/1999\/xlink\" width=\"8.577\" height=\"17.156\" viewbox=\"0 0 8.577 17.156\"><defs><clippath id=\"clip-path\"><path id=\"Caminho_25\" data-name=\"Caminho 25\" d=\"M0,8.843H8.577V-8.313H0Z\" transform=\"translate(0 8.313)\" fill=\"none\"><\/path><\/clippath><\/defs><g id=\"Grupo_91\" data-name=\"Grupo 91\" transform=\"translate(0 8.313)\"><g id=\"Grupo_90\" data-name=\"Grupo 90\" transform=\"translate(0 -8.313)\" clip-path=\"url(#clip-path)\"><g id=\"Grupo_89\" data-name=\"Grupo 89\" transform=\"translate(0 1.548)\"><path id=\"Caminho_24\" data-name=\"Caminho 24\" d=\"M0,7.248A7.03,7.03,0,0,0,7.029.218,7.03,7.03,0,0,0,0-6.813\" transform=\"translate(0 6.813)\" fill=\"#fff\" stroke=\"#ff4227\" stroke-width=\"3\"><\/path><\/g><\/g><\/g><\/svg>\t\t\t\t\t\t<\/span>\n\t\t\t\t\t\t\t\t\t\t<span class=\"elementor-icon-list-text\">L'acide fusidique reste actif dans le pus et peut \u00eatre administr\u00e9 deux fois par jour, facilitant ainsi l'adh\u00e9rence au traitement.<\/span>\n\t\t\t\t\t\t\t\t\t<\/li>\n\t\t\t\t\t\t\t\t<li class=\"elementor-icon-list-item\">\n\t\t\t\t\t\t\t\t\t\t\t<span class=\"elementor-icon-list-icon\">\n\t\t\t\t\t\t\t<svg xmlns=\"http:\/\/www.w3.org\/2000\/svg\" xmlns:xlink=\"http:\/\/www.w3.org\/1999\/xlink\" width=\"8.577\" height=\"17.156\" viewbox=\"0 0 8.577 17.156\"><defs><clippath id=\"clip-path\"><path id=\"Caminho_25\" data-name=\"Caminho 25\" d=\"M0,8.843H8.577V-8.313H0Z\" transform=\"translate(0 8.313)\" fill=\"none\"><\/path><\/clippath><\/defs><g id=\"Grupo_91\" data-name=\"Grupo 91\" transform=\"translate(0 8.313)\"><g id=\"Grupo_90\" data-name=\"Grupo 90\" transform=\"translate(0 -8.313)\" clip-path=\"url(#clip-path)\"><g id=\"Grupo_89\" data-name=\"Grupo 89\" transform=\"translate(0 1.548)\"><path id=\"Caminho_24\" data-name=\"Caminho 24\" d=\"M0,7.248A7.03,7.03,0,0,0,7.029.218,7.03,7.03,0,0,0,0-6.813\" transform=\"translate(0 6.813)\" fill=\"#fff\" stroke=\"#ff4227\" stroke-width=\"3\"><\/path><\/g><\/g><\/g><\/svg>\t\t\t\t\t\t<\/span>\n\t\t\t\t\t\t\t\t\t\t<span class=\"elementor-icon-list-text\">Son v\u00e9hicule, le gel de carbom\u00e8re, se m\u00e9lange aux exsudats et adh\u00e8re aux l\u00e9sions humides, ce qui facilite son application.<\/span>\n\t\t\t\t\t\t\t\t\t<\/li>\n\t\t\t\t\t\t\t\t<li class=\"elementor-icon-list-item\">\n\t\t\t\t\t\t\t\t\t\t\t<span class=\"elementor-icon-list-icon\">\n\t\t\t\t\t\t\t<svg xmlns=\"http:\/\/www.w3.org\/2000\/svg\" xmlns:xlink=\"http:\/\/www.w3.org\/1999\/xlink\" width=\"8.577\" height=\"17.156\" viewbox=\"0 0 8.577 17.156\"><defs><clippath id=\"clip-path\"><path id=\"Caminho_25\" data-name=\"Caminho 25\" d=\"M0,8.843H8.577V-8.313H0Z\" transform=\"translate(0 8.313)\" fill=\"none\"><\/path><\/clippath><\/defs><g id=\"Grupo_91\" data-name=\"Grupo 91\" transform=\"translate(0 8.313)\"><g id=\"Grupo_90\" data-name=\"Grupo 90\" transform=\"translate(0 -8.313)\" clip-path=\"url(#clip-path)\"><g id=\"Grupo_89\" data-name=\"Grupo 89\" transform=\"translate(0 1.548)\"><path id=\"Caminho_24\" data-name=\"Caminho 24\" d=\"M0,7.248A7.03,7.03,0,0,0,7.029.218,7.03,7.03,0,0,0,0-6.813\" transform=\"translate(0 6.813)\" fill=\"#fff\" stroke=\"#ff4227\" stroke-width=\"3\"><\/path><\/g><\/g><\/g><\/svg>\t\t\t\t\t\t<\/span>\n\t\t\t\t\t\t\t\t\t\t<span class=\"elementor-icon-list-text\">La betam\u00e9thasone a des effets antiinflammatoires et antiprurigineux qui soulagent l'inconfort caus\u00e9 par l'infection et l'inflammation.<\/span>\n\t\t\t\t\t\t\t\t\t<\/li>\n\t\t\t\t\t\t<\/ul>\n\t\t\t\t<\/div>\n\t\t\t\t<\/div>\n\t\t\t\t<\/div>\n\t\t<div class=\"elementor-element elementor-element-24fc94c e-con-full e-flex e-con e-child\" data-id=\"24fc94c\" data-element_type=\"container\">\n\t\t\t\t<div class=\"elementor-element elementor-element-03e2f2b elementor-widget elementor-widget-image\" data-id=\"03e2f2b\" data-element_type=\"widget\" data-widget_type=\"image.default\">\n\t\t\t\t<div class=\"elementor-widget-container\">\n\t\t\t\t\t\t\t\t\t\t\t\t\t<img decoding=\"async\" width=\"547\" height=\"521\" src=\"https:\/\/dechraderm.ca\/wp-content\/uploads\/2024\/09\/product-Isaderm.png\" class=\"attachment-large size-large wp-image-792\" alt=\"\" srcset=\"https:\/\/dechraderm.ca\/wp-content\/uploads\/2024\/09\/product-Isaderm.png 547w, https:\/\/dechraderm.ca\/wp-content\/uploads\/2024\/09\/product-Isaderm-300x286.png 300w\" sizes=\"(max-width: 547px) 100vw, 547px\" \/>\t\t\t\t\t\t\t\t\t\t\t\t\t<\/div>\n\t\t\t\t<\/div>\n\t\t\t\t<\/div>\n\t\t\t\t\t<\/div>\n\t\t\t\t<\/div>\n\t\t<div class=\"elementor-element elementor-element-72c4125 e-transform e-flex e-con-boxed e-con e-parent\" data-id=\"72c4125\" data-element_type=\"container\" data-settings=\"{&quot;_transform_translateY_effect_mobile&quot;:{&quot;unit&quot;:&quot;px&quot;,&quot;size&quot;:-205,&quot;sizes&quot;:[]},&quot;_transform_translateY_effect&quot;:{&quot;unit&quot;:&quot;px&quot;,&quot;size&quot;:-132,&quot;sizes&quot;:[]},&quot;_transform_translateX_effect&quot;:{&quot;unit&quot;:&quot;px&quot;,&quot;size&quot;:&quot;&quot;,&quot;sizes&quot;:[]},&quot;_transform_translateX_effect_widescreen&quot;:{&quot;unit&quot;:&quot;px&quot;,&quot;size&quot;:&quot;&quot;,&quot;sizes&quot;:[]},&quot;_transform_translateX_effect_laptop&quot;:{&quot;unit&quot;:&quot;px&quot;,&quot;size&quot;:&quot;&quot;,&quot;sizes&quot;:[]},&quot;_transform_translateX_effect_tablet&quot;:{&quot;unit&quot;:&quot;px&quot;,&quot;size&quot;:&quot;&quot;,&quot;sizes&quot;:[]},&quot;_transform_translateX_effect_mobile&quot;:{&quot;unit&quot;:&quot;px&quot;,&quot;size&quot;:&quot;&quot;,&quot;sizes&quot;:[]},&quot;_transform_translateY_effect_widescreen&quot;:{&quot;unit&quot;:&quot;px&quot;,&quot;size&quot;:&quot;&quot;,&quot;sizes&quot;:[]},&quot;_transform_translateY_effect_laptop&quot;:{&quot;unit&quot;:&quot;px&quot;,&quot;size&quot;:&quot;&quot;,&quot;sizes&quot;:[]},&quot;_transform_translateY_effect_tablet&quot;:{&quot;unit&quot;:&quot;px&quot;,&quot;size&quot;:&quot;&quot;,&quot;sizes&quot;:[]}}\">\n\t\t\t\t\t<div class=\"e-con-inner\">\n\t\t\t\t<div class=\"elementor-element elementor-element-b5ca5da elementor-align-center elementor-widget elementor-widget-button\" data-id=\"b5ca5da\" data-element_type=\"widget\" data-widget_type=\"button.default\">\n\t\t\t\t<div class=\"elementor-widget-container\">\n\t\t\t\t\t<div class=\"elementor-button-wrapper\">\n\t\t\t<a class=\"elementor-button elementor-button-link elementor-size-sm\" href=\"https:\/\/dechraderm.ca\/fr\/dogs\/skin-lesions\/cytology\/#skin_infection\">\n\t\t\t\t\t\t<span class=\"elementor-button-content-wrapper\">\n\t\t\t\t\t\t\t\t\t<span class=\"elementor-button-text\">Voir d\u2019autres options th\u00e9rapeutiques<\/span>\n\t\t\t\t\t<\/span>\n\t\t\t\t\t<\/a>\n\t\t<\/div>\n\t\t\t\t<\/div>\n\t\t\t\t<\/div>\n\t\t\t\t\t<\/div>\n\t\t\t\t<\/div>\n\t\t\t\t<\/div>","protected":false},"excerpt":{"rendered":"<p>Home \/ Dogs \/ Skin Lesions \/ Dermatologic Database \/ Cytology \/ Skin Infection \/ Isaderm\u00ae Isaderm\u00ae Isaderm is a topical treatment for superficial pyoderma in dogs, containing fusidic acid, carbomer gel and betamethasone. Fusidic acid is a narrow-spectrum antibiotic effective against the most common bacteria found in canine pyoderma. Its narrow spectrum allows it [&hellip;]<\/p>","protected":false},"author":1,"featured_media":0,"parent":201,"menu_order":0,"comment_status":"closed","ping_status":"closed","template":"elementor_canvas","meta":{"footnotes":""},"class_list":["post-790","page","type-page","status-publish","hentry"],"_links":{"self":[{"href":"https:\/\/dechraderm.ca\/fr\/wp-json\/wp\/v2\/pages\/790","targetHints":{"allow":["GET"]}}],"collection":[{"href":"https:\/\/dechraderm.ca\/fr\/wp-json\/wp\/v2\/pages"}],"about":[{"href":"https:\/\/dechraderm.ca\/fr\/wp-json\/wp\/v2\/types\/page"}],"author":[{"embeddable":true,"href":"https:\/\/dechraderm.ca\/fr\/wp-json\/wp\/v2\/users\/1"}],"replies":[{"embeddable":true,"href":"https:\/\/dechraderm.ca\/fr\/wp-json\/wp\/v2\/comments?post=790"}],"version-history":[{"count":102,"href":"https:\/\/dechraderm.ca\/fr\/wp-json\/wp\/v2\/pages\/790\/revisions"}],"predecessor-version":[{"id":10222,"href":"https:\/\/dechraderm.ca\/fr\/wp-json\/wp\/v2\/pages\/790\/revisions\/10222"}],"up":[{"embeddable":true,"href":"https:\/\/dechraderm.ca\/fr\/wp-json\/wp\/v2\/pages\/201"}],"wp:attachment":[{"href":"https:\/\/dechraderm.ca\/fr\/wp-json\/wp\/v2\/media?parent=790"}],"curies":[{"name":"wp","href":"https:\/\/api.w.org\/{rel}","templated":true}]}}